{"id":774,"date":"2020-04-08T20:35:05","date_gmt":"2020-04-08T20:35:05","guid":{"rendered":"http:\/\/www.schouwseduin.com\/?page_id=774"},"modified":"2020-04-08T20:45:07","modified_gmt":"2020-04-08T20:45:07","slug":"allgemeine-geschaeftsbedingungen","status":"publish","type":"page","link":"https:\/\/schouwseduin.com\/de\/allgemeine-geschaeftsbedingungen\/","title":{"rendered":"allgemeine gesch\u00e4ftsbedingungen"},"content":{"rendered":"\t\t<div data-elementor-type=\"wp-page\" data-elementor-id=\"774\" class=\"elementor elementor-774 elementor-559\" data-elementor-post-type=\"page\">\n\t\t\t\t\t\t<section class=\"elementor-section elementor-top-section elementor-element elementor-element-c96dfcd elementor-section-boxed elementor-section-height-default elementor-section-height-default\" data-id=\"c96dfcd\" data-element_type=\"section\" data-e-type=\"section\">\n\t\t\t\t\t\t<div class=\"elementor-container elementor-column-gap-default\">\n\t\t\t\t\t<div class=\"elementor-column elementor-col-100 elementor-top-column elementor-element elementor-element-67b0500\" data-id=\"67b0500\" data-element_type=\"column\" data-e-type=\"column\">\n\t\t\t<div class=\"elementor-widget-wrap elementor-element-populated\">\n\t\t\t\t\t\t<div class=\"elementor-element elementor-element-c4c9c6d elementor-widget elementor-widget-text-editor\" data-id=\"c4c9c6d\" data-element_type=\"widget\" data-e-type=\"widget\" data-widget_type=\"text-editor.default\">\n\t\t\t\t<div class=\"elementor-widget-container\">\n\t\t\t\t\t\t\t\t\t<ol>\n \t<li><strong> DEFINITIONEN<\/strong><\/li>\n<\/ol>\nIn diesen Bedingungen gelten die folgenden Begriffsbestimmungen:\n<ol type=\"a\">\n \t<li>Urlaubsunterkunft: das Ferienhaus, unter der Adresse: Bosweg 1, 4328 PD Burgh-Haamstede<\/li>\n \t<li>Vermieter: W. Landa und\/oder N.N. Rauscher, handeln im Namen von schouwseduin.com, in der Eigenschaft der Eigent\u00fcmer der der Urlaubsunterkunft;<\/li>\n \t<li>Mieter: derjenige, der mit dem Vermieter einen Vertrag bez\u00fcglich des Urlaubsaufenthalts eingeht;<\/li>\n \t<li>Nutzer: die auf der Vereinbarung benannte(n) Person(en);<\/li>\n \t<li>Dritte: jede Person, die nicht der Mieter oder der Nutzer ist;<\/li>\n \t<li>Vereinbarung: die schriftliche oder m\u00fcndliche Vereinbarung zwischen dem Mieter und dem Vermieter \u00fcber die Anmietung der Urlaubsunterkunft<\/li>\n \t<li>vereinbarter Preis: die Geb\u00fchr f\u00fcr die Nutzung der Urlaubsunterkunft<\/li>\n \t<li>Sonstige Kosten: die Geb\u00fchr, die f\u00fcr Kurtaxe, Bettw\u00e4sche, Reinigung, Haustierzuschlag und andere Dienstleistungen und sonstige Dienstleistungen, bezahlt wird;<\/li>\n \t<li>Stornierung: die schriftliche K\u00fcndigung der Vereinbarung durch den Mieter, vor dem Beginn des Aufenthalts<\/li>\n<\/ol>\n<ol start=\"2\">\n \t<li><strong> ANWENDBARKEIT\n<\/strong>Diese Allgemeinen Gesch\u00e4ftsbedingungen gelten f\u00fcr alle Buchungen, die im Zusammenhang mit der Miete und\/oder der Nutzung der Urlaubsunterkunft stehen. Alternative Regelungen sind nur g\u00fcltig, wenn diese schriftlich mit dem Vermieter vereinbart wurden.<\/li>\n \t<li><strong> ANWENDBARES RECHT<\/strong><\/li>\n\nDieser Vertrag unterliegt ausschlie\u00dflich dem niederl\u00e4ndischen Recht.\n \t<li><strong> INHALT UND DAUER DER VEREINBARUNG<\/strong><\/li>\n\nDer Vermieter kann f\u00fcr Erholungszwecke, nicht zum st\u00e4ndigen Aufenthalt, die Urlaubsunterkunft dem Vermieter f\u00fcr den vereinbarten Zeitraum und zu dem vereinbarten Preis zur Verf\u00fcgung stellen.\n\nDer Vertrag endet nach Rechtsweg nach dem Ablauf des vereinbarten Zeitraums, ohne die Notwendigkeit einer K\u00fcndigung.\n\n\t<li><strong> ZAHLUNGEN<\/strong><\/li>\n\nZum Zeitpunkt der Reservierung muss der Mieter eine Anzahlung von 25% des vereinbarten Preises, der sonstigen Kosten und der Kaution leisten. Die Zahlung dieses Betrags muss sofort erfolgen. Der Rest des vereinbarten Preises, der sonstigen Kosten und der Kaution muss bis sp\u00e4testens 8 Wochen vor dem Anreisedatum, beim Vermieter eingegangen sein. Bei Buchung innerhalb von 8 Wochen vor Beginn des Urlaubs m\u00fcssen der vereinbarte Preis, die sonstigen Kosten und die Kaution vom Mieter umgehend voll bezahlt werden.\n\nIm Falle versp\u00e4teter Zahlung dem Mieter in Rechnung gestellter Betr\u00e4ge, ist dieser unmittelbar nach Ablauf der Frist f\u00fcr die Zahlung in Verzug. In diesem Fall wird der Vermieter unverz\u00fcglich schriftlich die M\u00f6glichkeit einr\u00e4umen, den ausstehenden Betrag noch zu begleichen. Wenn die Zahlung dann auch ausbleibt, beh\u00e4lt sich der Vermieter das Recht vor, die Buchung zu stornieren und der Mieter ist f\u00fcr Sch\u00e4den haftbar, die der Vermieter dadurch erleidet oder erleiden wird, einschlie\u00dflich aller Auslagen, die der Vermieter im Zusammenhang mit der Buchung und der Stornierung hatte. Der Vermieter hat auf jeden Fall das Recht, Stornokosten zu berechnen. In diesem Fall gelten die Bestimmungen des Artikels 8. Der Vermieter hat das Recht, Forderungen gegen den Mieter mit vom Mieters bereits gezahlten Betr\u00e4gen zu verrechnen, unabh\u00e4ngig von der H\u00f6he.\n\n \t<li><strong> KAUTION\n<\/strong>Vermieter verlangt eine Kaution vom Mieter. Die H\u00f6he der Kaution ist in der Vereinbarung und auf der Rechnung enthalten. Die Anzahlung oder ein m\u00f6glicher Rest davon, wird innerhalb von 7 Tagen nach dem vereinbarten Tag der Abreise auf das Bankkonto des Mieters zur\u00fcckgegeben, sofern dieser unter Ber\u00fccksichtigung der Bestimmungen des Artikels 9, die Urlaubsunterkunft ordnungsgem\u00e4\u00df hinterl\u00e4sst. M\u00f6gliche Schadensersatzanspr\u00fcche werden durch diese Erstattung nicht f\u00fcr nichtig erkl\u00e4rt.<\/li>\n \t<li><strong> AN- UND ABREISE\n<\/strong>Die Urlaubsunterkunft kann am vereinbarten Anreisetag sp\u00e4testens ab 15:00 Uhr bezogen werden. Die genaue Uhrzeit vereinbaren Mieter und Vermieter gemeinsam. Am vereinbarten Tag der Abreise muss die Unterkunft vor 10:00 Uhr verlassen werden. Wenn die Nutzung der Urlaubsunterkunft fr\u00fcher als zum vereinbarten Termin beendet wird, ist der Mieter nicht berechtigt, eine vollst\u00e4ndige oder teilweise Erstattung des vereinbarten Preises und\/oder der sonstigen Kosten zu verlangen. Dar\u00fcber hinaus ist der Mieter verpflichtet, den Vermieter \u00fcber ein vorzeitiges Beenden zu informieren.<\/li>\n \t<li><strong> STORNIERUNG\n<\/strong>Im Fall der Stornierung schuldet der Mieter eine Entsch\u00e4digung. Dies entspricht:\n&#8211; bei Stornierung mehr als 8 Wochen vor dem vereinbarten Ankunftstag: die Anzahlung, wie in Artikel 5 angegeben;\n&#8211; bei Stornierung weniger als 8 Wochen vor dem vereinbarten Ankunftstag: 100% des vereinbarten Preises.<\/li>\n \t<li><strong> UNTERVERMIETUNG\n<\/strong>Es ist dem Mieter und anderen Nutzern nicht gestattet, die Urlaubsunterkunft unter irgendeiner Bezeichnung und in welchem Ma\u00dfe auch immer, Dritten zum Gebrauch zu \u00fcberlassen, die nicht die Personen aus der Vereinbarung sind.<\/li>\n \t<li><strong> SCHADEN\n<\/strong>Die Mieter ist daf\u00fcr verantwortlich, wobei keine Verantwortung oder Haftung von anderen Nutzern unber\u00fchrt bleioben, dass alles in und um die Urlaubsunterkunft einen geordneten Gang geht.\nDar\u00fcber hinaus haftet der Mieter, ohne die Haftung der anderen Nutzer zu ber\u00fchren, f\u00fcr Sch\u00e4den an der Unterkunft und des Inventars. M\u00f6gliche Sch\u00e4den m\u00fcssen vom Mieter sofort dem Vermieter gemeldet werden und werden von der Kaution einbehalten, es sei denn, der Mieter kann nachweisen, dass der Eintritt des Schadens nicht durch Verschulden des Mieters oder Benutzers verursacht wurde.<\/li>\n \t<li><strong> HAFTUNG\n<\/strong>Der Vermieter haftet nicht f\u00fcr Diebstahl, Verlust oder Besch\u00e4digung von oder am Eigentum oder Personen jeglicher Art w\u00e4hrend oder durch einen Aufenthalt in der Urlaubsunterkunft. Der Vermieter ist in keiner Weise f\u00fcr Sch\u00e4den haftbar, f\u00fcr die eine Reise- und\/oder Reiser\u00fccktrittsversicherung oder eine andere Versicherung besteht. Der Vermieter haftet nicht f\u00fcr Probleme oder M\u00e4ngeln bei der Erbringung von Dienstleistungen oder Leistungen durch Dritte.\nDer Mieter haftet gesamtschuldnerisch f\u00fcr den Verlust und\/oder die Besch\u00e4digung der gemieteten Urlaubsunterkunft w\u00e4hrend der Nutzung durch den Mieter bzw. andere Nutzer, unabh\u00e4ngig davon, ob dies eine Folge von Handlungen oder Unterlassungen des Mieter bzw. Dritten ist, die sich mit Erlaubnis des Mieter in der Urlaubsunterkunft befinden.\nDer Mieter stellt den Vermieter von allen Anspr\u00fcchen im Hinblick auf Sch\u00e4den Dritter frei, die (teilweise) als Folge einer Handlung oder Unterlassung durch den Mieter, Nutzer oder Dritte eintraten, die sich in der Urlaubsunterkunft befinden.\n\nBei unsachgem\u00e4\u00dfem Gebrauch oder falschem Hinterlassen, einschlie\u00dflich, nicht aber darauf beschr\u00e4nkt, \u00fcberm\u00e4\u00dfiger Verschmutzung der Urlaubsunterkunft, wird dem Mieter ein Aufpreis berechnet, der dann sofort zu begleichen ist.\n \t<li><strong> BESCHWERDEN\n<\/strong>Der Vermieter ist bem\u00fcht, den Aufenthalt f\u00fcr den Mieter so angenehm wie m\u00f6glich zu gestalten. M\u00e4ngel an der Urlaubsunterkunft m\u00fcssen sofort mitgeteilt werden, damit sie behobewn werden k\u00f6nnen.<\/li>\n<\/ol>\t\t\t\t\t\t\t\t<\/div>\n\t\t\t\t<\/div>\n\t\t\t\t\t<\/div>\n\t\t<\/div>\n\t\t\t\t\t<\/div>\n\t\t<\/section>\n\t\t\t\t<\/div>\n\t\t","protected":false},"excerpt":{"rendered":"<p>DEFINITIONEN In diesen Bedingungen gelten die folgenden Begriffsbestimmungen: Urlaubsunterkunft: das Ferienhaus, unter der Adresse: Bosweg 1, 4328 PD Burgh-Haamstede Vermieter: W. Landa und\/oder N.N. Rauscher, handeln im Namen von schouwseduin.com, in der Eigenschaft der Eigent\u00fcmer der der Urlaubsunterkunft; Mieter: derjenige, &hellip; <a href=\"https:\/\/schouwseduin.com\/de\/allgemeine-geschaeftsbedingungen\/\">Read More<\/a><\/p>\n","protected":false},"author":1,"featured_media":0,"parent":0,"menu_order":0,"comment_status":"closed","ping_status":"closed","template":"","meta":{"footnotes":""},"class_list":["post-774","page","type-page","status-publish","hentry"],"yoast_head":"<!-- This site is optimized with the Yoast SEO plugin v26.9 - https:\/\/yoast.com\/product\/yoast-seo-wordpress\/ -->\n<title>allgemeine gesch\u00e4ftsbedingungen - schouwseduin.com<\/title>\n<meta name=\"robots\" content=\"index, follow, max-snippet:-1, max-image-preview:large, max-video-preview:-1\" \/>\n<link rel=\"canonical\" href=\"https:\/\/schouwseduin.com\/de\/allgemeine-geschaeftsbedingungen\/\" \/>\n<meta property=\"og:locale\" content=\"de_DE\" \/>\n<meta property=\"og:type\" content=\"article\" \/>\n<meta property=\"og:title\" content=\"allgemeine gesch\u00e4ftsbedingungen - schouwseduin.com\" \/>\n<meta property=\"og:description\" content=\"DEFINITIONEN In diesen Bedingungen gelten die folgenden Begriffsbestimmungen: Urlaubsunterkunft: das Ferienhaus, unter der Adresse: Bosweg 1, 4328 PD Burgh-Haamstede Vermieter: W. Landa und\/oder N.N. Rauscher, handeln im Namen von schouwseduin.com, in der Eigenschaft der Eigent\u00fcmer der der Urlaubsunterkunft; Mieter: derjenige, &hellip; Read More\" \/>\n<meta property=\"og:url\" content=\"https:\/\/schouwseduin.com\/de\/allgemeine-geschaeftsbedingungen\/\" \/>\n<meta property=\"og:site_name\" content=\"schouwseduin.com\" \/>\n<meta property=\"article:modified_time\" content=\"2020-04-08T20:45:07+00:00\" \/>\n<meta name=\"twitter:card\" content=\"summary_large_image\" \/>\n<meta name=\"twitter:label1\" content=\"Gesch\u00e4tzte Lesezeit\" \/>\n\t<meta name=\"twitter:data1\" content=\"5\u00a0Minuten\" \/>\n<script type=\"application\/ld+json\" class=\"yoast-schema-graph\">{\"@context\":\"https:\/\/schema.org\",\"@graph\":[{\"@type\":\"WebPage\",\"@id\":\"https:\/\/schouwseduin.com\/de\/allgemeine-geschaeftsbedingungen\/\",\"url\":\"https:\/\/schouwseduin.com\/de\/allgemeine-geschaeftsbedingungen\/\",\"name\":\"allgemeine gesch\u00e4ftsbedingungen - schouwseduin.com\",\"isPartOf\":{\"@id\":\"https:\/\/schouwseduin.com\/de\/#website\"},\"datePublished\":\"2020-04-08T20:35:05+00:00\",\"dateModified\":\"2020-04-08T20:45:07+00:00\",\"breadcrumb\":{\"@id\":\"https:\/\/schouwseduin.com\/de\/allgemeine-geschaeftsbedingungen\/#breadcrumb\"},\"inLanguage\":\"de\",\"potentialAction\":[{\"@type\":\"ReadAction\",\"target\":[\"https:\/\/schouwseduin.com\/de\/allgemeine-geschaeftsbedingungen\/\"]}]},{\"@type\":\"BreadcrumbList\",\"@id\":\"https:\/\/schouwseduin.com\/de\/allgemeine-geschaeftsbedingungen\/#breadcrumb\",\"itemListElement\":[{\"@type\":\"ListItem\",\"position\":1,\"name\":\"Home\",\"item\":\"https:\/\/schouwseduin.com\/de\/\"},{\"@type\":\"ListItem\",\"position\":2,\"name\":\"allgemeine gesch\u00e4ftsbedingungen\"}]},{\"@type\":\"WebSite\",\"@id\":\"https:\/\/schouwseduin.com\/de\/#website\",\"url\":\"https:\/\/schouwseduin.com\/de\/\",\"name\":\"schouwseduin.com\",\"description\":\"\",\"publisher\":{\"@id\":\"https:\/\/schouwseduin.com\/de\/#organization\"},\"potentialAction\":[{\"@type\":\"SearchAction\",\"target\":{\"@type\":\"EntryPoint\",\"urlTemplate\":\"https:\/\/schouwseduin.com\/de\/?s={search_term_string}\"},\"query-input\":{\"@type\":\"PropertyValueSpecification\",\"valueRequired\":true,\"valueName\":\"search_term_string\"}}],\"inLanguage\":\"de\"},{\"@type\":\"Organization\",\"@id\":\"https:\/\/schouwseduin.com\/de\/#organization\",\"name\":\"Schouwse Duin\",\"url\":\"https:\/\/schouwseduin.com\/de\/\",\"logo\":{\"@type\":\"ImageObject\",\"inLanguage\":\"de\",\"@id\":\"https:\/\/schouwseduin.com\/de\/#\/schema\/logo\/image\/\",\"url\":\"https:\/\/schouwseduin.com\/wp-content\/uploads\/2020\/04\/SchouwseDuinLogo-1.png\",\"contentUrl\":\"https:\/\/schouwseduin.com\/wp-content\/uploads\/2020\/04\/SchouwseDuinLogo-1.png\",\"width\":1393,\"height\":162,\"caption\":\"Schouwse Duin\"},\"image\":{\"@id\":\"https:\/\/schouwseduin.com\/de\/#\/schema\/logo\/image\/\"}}]}<\/script>\n<!-- \/ Yoast SEO plugin. -->","yoast_head_json":{"title":"allgemeine gesch\u00e4ftsbedingungen - schouwseduin.com","robots":{"index":"index","follow":"follow","max-snippet":"max-snippet:-1","max-image-preview":"max-image-preview:large","max-video-preview":"max-video-preview:-1"},"canonical":"https:\/\/schouwseduin.com\/de\/allgemeine-geschaeftsbedingungen\/","og_locale":"de_DE","og_type":"article","og_title":"allgemeine gesch\u00e4ftsbedingungen - schouwseduin.com","og_description":"DEFINITIONEN In diesen Bedingungen gelten die folgenden Begriffsbestimmungen: Urlaubsunterkunft: das Ferienhaus, unter der Adresse: Bosweg 1, 4328 PD Burgh-Haamstede Vermieter: W. Landa und\/oder N.N. Rauscher, handeln im Namen von schouwseduin.com, in der Eigenschaft der Eigent\u00fcmer der der Urlaubsunterkunft; Mieter: derjenige, &hellip; Read More","og_url":"https:\/\/schouwseduin.com\/de\/allgemeine-geschaeftsbedingungen\/","og_site_name":"schouwseduin.com","article_modified_time":"2020-04-08T20:45:07+00:00","twitter_card":"summary_large_image","twitter_misc":{"Gesch\u00e4tzte Lesezeit":"5\u00a0Minuten"},"schema":{"@context":"https:\/\/schema.org","@graph":[{"@type":"WebPage","@id":"https:\/\/schouwseduin.com\/de\/allgemeine-geschaeftsbedingungen\/","url":"https:\/\/schouwseduin.com\/de\/allgemeine-geschaeftsbedingungen\/","name":"allgemeine gesch\u00e4ftsbedingungen - schouwseduin.com","isPartOf":{"@id":"https:\/\/schouwseduin.com\/de\/#website"},"datePublished":"2020-04-08T20:35:05+00:00","dateModified":"2020-04-08T20:45:07+00:00","breadcrumb":{"@id":"https:\/\/schouwseduin.com\/de\/allgemeine-geschaeftsbedingungen\/#breadcrumb"},"inLanguage":"de","potentialAction":[{"@type":"ReadAction","target":["https:\/\/schouwseduin.com\/de\/allgemeine-geschaeftsbedingungen\/"]}]},{"@type":"BreadcrumbList","@id":"https:\/\/schouwseduin.com\/de\/allgemeine-geschaeftsbedingungen\/#breadcrumb","itemListElement":[{"@type":"ListItem","position":1,"name":"Home","item":"https:\/\/schouwseduin.com\/de\/"},{"@type":"ListItem","position":2,"name":"allgemeine gesch\u00e4ftsbedingungen"}]},{"@type":"WebSite","@id":"https:\/\/schouwseduin.com\/de\/#website","url":"https:\/\/schouwseduin.com\/de\/","name":"schouwseduin.com","description":"","publisher":{"@id":"https:\/\/schouwseduin.com\/de\/#organization"},"potentialAction":[{"@type":"SearchAction","target":{"@type":"EntryPoint","urlTemplate":"https:\/\/schouwseduin.com\/de\/?s={search_term_string}"},"query-input":{"@type":"PropertyValueSpecification","valueRequired":true,"valueName":"search_term_string"}}],"inLanguage":"de"},{"@type":"Organization","@id":"https:\/\/schouwseduin.com\/de\/#organization","name":"Schouwse Duin","url":"https:\/\/schouwseduin.com\/de\/","logo":{"@type":"ImageObject","inLanguage":"de","@id":"https:\/\/schouwseduin.com\/de\/#\/schema\/logo\/image\/","url":"https:\/\/schouwseduin.com\/wp-content\/uploads\/2020\/04\/SchouwseDuinLogo-1.png","contentUrl":"https:\/\/schouwseduin.com\/wp-content\/uploads\/2020\/04\/SchouwseDuinLogo-1.png","width":1393,"height":162,"caption":"Schouwse Duin"},"image":{"@id":"https:\/\/schouwseduin.com\/de\/#\/schema\/logo\/image\/"}}]}},"_links":{"self":[{"href":"https:\/\/schouwseduin.com\/de\/wp-json\/wp\/v2\/pages\/774","targetHints":{"allow":["GET"]}}],"collection":[{"href":"https:\/\/schouwseduin.com\/de\/wp-json\/wp\/v2\/pages"}],"about":[{"href":"https:\/\/schouwseduin.com\/de\/wp-json\/wp\/v2\/types\/page"}],"author":[{"embeddable":true,"href":"https:\/\/schouwseduin.com\/de\/wp-json\/wp\/v2\/users\/1"}],"replies":[{"embeddable":true,"href":"https:\/\/schouwseduin.com\/de\/wp-json\/wp\/v2\/comments?post=774"}],"version-history":[{"count":11,"href":"https:\/\/schouwseduin.com\/de\/wp-json\/wp\/v2\/pages\/774\/revisions"}],"predecessor-version":[{"id":788,"href":"https:\/\/schouwseduin.com\/de\/wp-json\/wp\/v2\/pages\/774\/revisions\/788"}],"wp:attachment":[{"href":"https:\/\/schouwseduin.com\/de\/wp-json\/wp\/v2\/media?parent=774"}],"curies":[{"name":"wp","href":"https:\/\/api.w.org\/{rel}","templated":true}]}}