{"id":732,"date":"2020-04-08T19:49:16","date_gmt":"2020-04-08T19:49:16","guid":{"rendered":"http:\/\/www.schouwseduin.com\/?page_id=732"},"modified":"2024-08-12T15:54:37","modified_gmt":"2024-08-12T15:54:37","slug":"reservieren","status":"publish","type":"page","link":"https:\/\/schouwseduin.com\/de\/reservieren\/","title":{"rendered":"reservieren"},"content":{"rendered":"\t\t<div data-elementor-type=\"wp-page\" data-elementor-id=\"732\" class=\"elementor elementor-732 elementor-166\" data-elementor-post-type=\"page\">\n\t\t\t\t\t\t<section class=\"elementor-section elementor-top-section elementor-element elementor-element-cc9a835 elementor-section-boxed elementor-section-height-default elementor-section-height-default\" data-id=\"cc9a835\" data-element_type=\"section\" data-e-type=\"section\">\n\t\t\t\t\t\t<div class=\"elementor-container elementor-column-gap-default\">\n\t\t\t\t\t<div class=\"elementor-column elementor-col-100 elementor-top-column elementor-element elementor-element-2d1681e\" data-id=\"2d1681e\" data-element_type=\"column\" data-e-type=\"column\">\n\t\t\t<div class=\"elementor-widget-wrap elementor-element-populated\">\n\t\t\t\t\t\t<div class=\"elementor-element elementor-element-70b42f2 elementor-widget elementor-widget-text-editor\" data-id=\"70b42f2\" data-element_type=\"widget\" data-e-type=\"widget\" data-widget_type=\"text-editor.default\">\n\t\t\t\t<div class=\"elementor-widget-container\">\n\t\t\t\t\t\t\t\t\t<p>W\u00e4hlen Sie ein An- und Abreisedatum, um eine Anfrage zu starten. Eine Anfrage ist v\u00f6llig unverbindlich und wird erst dann in eine Buchung umgewandelt, wenn wir ein endg\u00fcltiges Angebot gemacht haben und dieses angenommen wurde. Haben Sie nur eine Frage? Dann schicken Sie uns eine E-Mail oder nutzen Sie unser <a href=\"https:\/\/www.schouwseduin.com\/de\/kontakt\">Kontaktformular<\/a>.<\/p>\t\t\t\t\t\t\t\t<\/div>\n\t\t\t\t<\/div>\n\t\t\t\t<div class=\"elementor-element elementor-element-9083c5a elementor-widget elementor-widget-html\" data-id=\"9083c5a\" data-element_type=\"widget\" data-e-type=\"widget\" data-widget_type=\"html.default\">\n\t\t\t\t<div class=\"elementor-widget-container\">\n\t\t\t\t\t<link rel=\"stylesheet\" href=\"https:\/\/cdn.mytourist.cloud\/theme\/libs\/widgets\/default.css\"\/>\n<div style=\"max-width:100%; margin:0px auto;\">\n    <div widget=\"02718-10691-56408\" language=\"de\"<\/div>\n<script src=\"https:\/\/code.jquery.com\/jquery-3.7.0.min.js\" integrity=\"sha256-2Pmvv0kuTBOenSvLm6bvfBSSHrUJ+3A7x6P5Ebd07\/g=\" crossorigin=\"anonymous\"><\/script>\n<script type=\"text\/javascript\" src=\"https:\/\/cdn.mytourist.cloud\/theme\/libs\/widgets\/default.js\"><\/script>\n\t\t\t\t<\/div>\n\t\t\t\t<\/div>\n\t\t\t\t\t<\/div>\n\t\t<\/div>\n\t\t\t\t\t<\/div>\n\t\t<\/section>\n\t\t\t\t<\/div>\n\t\t","protected":false},"excerpt":{"rendered":"<p>W\u00e4hlen Sie ein An- und Abreisedatum, um eine Anfrage zu starten. Eine Anfrage ist v\u00f6llig unverbindlich und wird erst dann in eine Buchung umgewandelt, wenn wir ein endg\u00fcltiges Angebot gemacht haben und dieses angenommen wurde. Haben Sie nur eine Frage? &hellip; <a href=\"https:\/\/schouwseduin.com\/de\/reservieren\/\">Read More<\/a><\/p>\n","protected":false},"author":1,"featured_media":0,"parent":0,"menu_order":0,"comment_status":"closed","ping_status":"closed","template":"","meta":{"footnotes":""},"class_list":["post-732","page","type-page","status-publish","hentry"],"yoast_head":"<!-- This site is optimized with the Yoast SEO plugin v26.9 - https:\/\/yoast.com\/product\/yoast-seo-wordpress\/ -->\n<title>reservieren - schouwseduin.com<\/title>\n<meta name=\"robots\" content=\"index, follow, max-snippet:-1, max-image-preview:large, max-video-preview:-1\" \/>\n<link rel=\"canonical\" href=\"https:\/\/schouwseduin.com\/de\/reservieren\/\" \/>\n<meta property=\"og:locale\" content=\"de_DE\" \/>\n<meta property=\"og:type\" content=\"article\" \/>\n<meta property=\"og:title\" content=\"reservieren - schouwseduin.com\" \/>\n<meta property=\"og:description\" content=\"W\u00e4hlen Sie ein An- und Abreisedatum, um eine Anfrage zu starten. Eine Anfrage ist v\u00f6llig unverbindlich und wird erst dann in eine Buchung umgewandelt, wenn wir ein endg\u00fcltiges Angebot gemacht haben und dieses angenommen wurde. Haben Sie nur eine Frage? &hellip; Read More\" \/>\n<meta property=\"og:url\" content=\"https:\/\/schouwseduin.com\/de\/reservieren\/\" \/>\n<meta property=\"og:site_name\" content=\"schouwseduin.com\" \/>\n<meta property=\"article:modified_time\" content=\"2024-08-12T15:54:37+00:00\" \/>\n<meta name=\"twitter:card\" content=\"summary_large_image\" \/>\n<meta name=\"twitter:label1\" content=\"Gesch\u00e4tzte Lesezeit\" \/>\n\t<meta name=\"twitter:data1\" content=\"4\u00a0Minuten\" \/>\n<script type=\"application\/ld+json\" class=\"yoast-schema-graph\">{\"@context\":\"https:\/\/schema.org\",\"@graph\":[{\"@type\":\"WebPage\",\"@id\":\"https:\/\/schouwseduin.com\/de\/reservieren\/\",\"url\":\"https:\/\/schouwseduin.com\/de\/reservieren\/\",\"name\":\"reservieren - schouwseduin.com\",\"isPartOf\":{\"@id\":\"https:\/\/schouwseduin.com\/de\/#website\"},\"datePublished\":\"2020-04-08T19:49:16+00:00\",\"dateModified\":\"2024-08-12T15:54:37+00:00\",\"breadcrumb\":{\"@id\":\"https:\/\/schouwseduin.com\/de\/reservieren\/#breadcrumb\"},\"inLanguage\":\"de\",\"potentialAction\":[{\"@type\":\"ReadAction\",\"target\":[\"https:\/\/schouwseduin.com\/de\/reservieren\/\"]}]},{\"@type\":\"BreadcrumbList\",\"@id\":\"https:\/\/schouwseduin.com\/de\/reservieren\/#breadcrumb\",\"itemListElement\":[{\"@type\":\"ListItem\",\"position\":1,\"name\":\"Home\",\"item\":\"https:\/\/schouwseduin.com\/de\/\"},{\"@type\":\"ListItem\",\"position\":2,\"name\":\"reservieren\"}]},{\"@type\":\"WebSite\",\"@id\":\"https:\/\/schouwseduin.com\/de\/#website\",\"url\":\"https:\/\/schouwseduin.com\/de\/\",\"name\":\"schouwseduin.com\",\"description\":\"\",\"publisher\":{\"@id\":\"https:\/\/schouwseduin.com\/de\/#organization\"},\"potentialAction\":[{\"@type\":\"SearchAction\",\"target\":{\"@type\":\"EntryPoint\",\"urlTemplate\":\"https:\/\/schouwseduin.com\/de\/?s={search_term_string}\"},\"query-input\":{\"@type\":\"PropertyValueSpecification\",\"valueRequired\":true,\"valueName\":\"search_term_string\"}}],\"inLanguage\":\"de\"},{\"@type\":\"Organization\",\"@id\":\"https:\/\/schouwseduin.com\/de\/#organization\",\"name\":\"Schouwse Duin\",\"url\":\"https:\/\/schouwseduin.com\/de\/\",\"logo\":{\"@type\":\"ImageObject\",\"inLanguage\":\"de\",\"@id\":\"https:\/\/schouwseduin.com\/de\/#\/schema\/logo\/image\/\",\"url\":\"https:\/\/schouwseduin.com\/wp-content\/uploads\/2020\/04\/SchouwseDuinLogo-1.png\",\"contentUrl\":\"https:\/\/schouwseduin.com\/wp-content\/uploads\/2020\/04\/SchouwseDuinLogo-1.png\",\"width\":1393,\"height\":162,\"caption\":\"Schouwse Duin\"},\"image\":{\"@id\":\"https:\/\/schouwseduin.com\/de\/#\/schema\/logo\/image\/\"}}]}<\/script>\n<!-- \/ Yoast SEO plugin. -->","yoast_head_json":{"title":"reservieren - schouwseduin.com","robots":{"index":"index","follow":"follow","max-snippet":"max-snippet:-1","max-image-preview":"max-image-preview:large","max-video-preview":"max-video-preview:-1"},"canonical":"https:\/\/schouwseduin.com\/de\/reservieren\/","og_locale":"de_DE","og_type":"article","og_title":"reservieren - schouwseduin.com","og_description":"W\u00e4hlen Sie ein An- und Abreisedatum, um eine Anfrage zu starten. Eine Anfrage ist v\u00f6llig unverbindlich und wird erst dann in eine Buchung umgewandelt, wenn wir ein endg\u00fcltiges Angebot gemacht haben und dieses angenommen wurde. Haben Sie nur eine Frage? &hellip; Read More","og_url":"https:\/\/schouwseduin.com\/de\/reservieren\/","og_site_name":"schouwseduin.com","article_modified_time":"2024-08-12T15:54:37+00:00","twitter_card":"summary_large_image","twitter_misc":{"Gesch\u00e4tzte Lesezeit":"4\u00a0Minuten"},"schema":{"@context":"https:\/\/schema.org","@graph":[{"@type":"WebPage","@id":"https:\/\/schouwseduin.com\/de\/reservieren\/","url":"https:\/\/schouwseduin.com\/de\/reservieren\/","name":"reservieren - schouwseduin.com","isPartOf":{"@id":"https:\/\/schouwseduin.com\/de\/#website"},"datePublished":"2020-04-08T19:49:16+00:00","dateModified":"2024-08-12T15:54:37+00:00","breadcrumb":{"@id":"https:\/\/schouwseduin.com\/de\/reservieren\/#breadcrumb"},"inLanguage":"de","potentialAction":[{"@type":"ReadAction","target":["https:\/\/schouwseduin.com\/de\/reservieren\/"]}]},{"@type":"BreadcrumbList","@id":"https:\/\/schouwseduin.com\/de\/reservieren\/#breadcrumb","itemListElement":[{"@type":"ListItem","position":1,"name":"Home","item":"https:\/\/schouwseduin.com\/de\/"},{"@type":"ListItem","position":2,"name":"reservieren"}]},{"@type":"WebSite","@id":"https:\/\/schouwseduin.com\/de\/#website","url":"https:\/\/schouwseduin.com\/de\/","name":"schouwseduin.com","description":"","publisher":{"@id":"https:\/\/schouwseduin.com\/de\/#organization"},"potentialAction":[{"@type":"SearchAction","target":{"@type":"EntryPoint","urlTemplate":"https:\/\/schouwseduin.com\/de\/?s={search_term_string}"},"query-input":{"@type":"PropertyValueSpecification","valueRequired":true,"valueName":"search_term_string"}}],"inLanguage":"de"},{"@type":"Organization","@id":"https:\/\/schouwseduin.com\/de\/#organization","name":"Schouwse Duin","url":"https:\/\/schouwseduin.com\/de\/","logo":{"@type":"ImageObject","inLanguage":"de","@id":"https:\/\/schouwseduin.com\/de\/#\/schema\/logo\/image\/","url":"https:\/\/schouwseduin.com\/wp-content\/uploads\/2020\/04\/SchouwseDuinLogo-1.png","contentUrl":"https:\/\/schouwseduin.com\/wp-content\/uploads\/2020\/04\/SchouwseDuinLogo-1.png","width":1393,"height":162,"caption":"Schouwse Duin"},"image":{"@id":"https:\/\/schouwseduin.com\/de\/#\/schema\/logo\/image\/"}}]}},"_links":{"self":[{"href":"https:\/\/schouwseduin.com\/de\/wp-json\/wp\/v2\/pages\/732","targetHints":{"allow":["GET"]}}],"collection":[{"href":"https:\/\/schouwseduin.com\/de\/wp-json\/wp\/v2\/pages"}],"about":[{"href":"https:\/\/schouwseduin.com\/de\/wp-json\/wp\/v2\/types\/page"}],"author":[{"embeddable":true,"href":"https:\/\/schouwseduin.com\/de\/wp-json\/wp\/v2\/users\/1"}],"replies":[{"embeddable":true,"href":"https:\/\/schouwseduin.com\/de\/wp-json\/wp\/v2\/comments?post=732"}],"version-history":[{"count":51,"href":"https:\/\/schouwseduin.com\/de\/wp-json\/wp\/v2\/pages\/732\/revisions"}],"predecessor-version":[{"id":4385,"href":"https:\/\/schouwseduin.com\/de\/wp-json\/wp\/v2\/pages\/732\/revisions\/4385"}],"wp:attachment":[{"href":"https:\/\/schouwseduin.com\/de\/wp-json\/wp\/v2\/media?parent=732"}],"curies":[{"name":"wp","href":"https:\/\/api.w.org\/{rel}","templated":true}]}}