{"id":720,"date":"2020-04-08T19:29:51","date_gmt":"2020-04-08T19:29:51","guid":{"rendered":"http:\/\/www.schouwseduin.com\/?page_id=720"},"modified":"2025-03-25T09:08:54","modified_gmt":"2025-03-25T09:08:54","slug":"erfahrungen","status":"publish","type":"page","link":"https:\/\/schouwseduin.com\/de\/erfahrungen\/","title":{"rendered":"erfahrungen"},"content":{"rendered":"\t\t<div data-elementor-type=\"wp-page\" data-elementor-id=\"720\" class=\"elementor elementor-720 elementor-246\" data-elementor-post-type=\"page\">\n\t\t\t\t\t\t<section class=\"elementor-section elementor-top-section elementor-element elementor-element-3ae00ec elementor-section-boxed elementor-section-height-default elementor-section-height-default\" data-id=\"3ae00ec\" data-element_type=\"section\" data-e-type=\"section\">\n\t\t\t\t\t\t<div class=\"elementor-container elementor-column-gap-default\">\n\t\t\t\t\t<div class=\"elementor-column elementor-col-100 elementor-top-column elementor-element elementor-element-f3c02ed\" data-id=\"f3c02ed\" data-element_type=\"column\" data-e-type=\"column\">\n\t\t\t<div class=\"elementor-widget-wrap elementor-element-populated\">\n\t\t\t\t\t\t<div class=\"elementor-element elementor-element-83286fb elementor-widget elementor-widget-text-editor\" data-id=\"83286fb\" data-element_type=\"widget\" data-e-type=\"widget\" data-widget_type=\"text-editor.default\">\n\t\t\t\t<div class=\"elementor-widget-container\">\n\t\t\t\t\t\t\t\t\t<p><em>Hier sind einige Ausz\u00fcge aus unserem G\u00e4stebuch!<\/em><\/p>\t\t\t\t\t\t\t\t<\/div>\n\t\t\t\t<\/div>\n\t\t\t\t<div class=\"elementor-element elementor-element-c780221 elementor-widget elementor-widget-themo-testimonial\" data-id=\"c780221\" data-element_type=\"widget\" data-e-type=\"widget\" data-widget_type=\"themo-testimonial.default\">\n\t\t\t\t<div class=\"elementor-widget-container\">\n\t\t\t\t\t        \n\t\t<div class=\"elementor-testimonial-wrapper th-testimonial-w th-txt-sm elementor-testimonial-text-align-left\">\n\n            \n\t\t\t\t\t\t\t<div class=\"elementor-testimonial-content\">\u201cWir haben dei Woche in ihrem Ferienhaus sehr genossen. Danke f\u00fcr den warmen Empfang, die frischen Blumen und die leckere Flasche Wein\ud83d\ude0a.\n\nDas Haus liet sehr sch\u00f6n end wir konnten viele Ausfl\u00fcge ins Naturschutzgebied uns aus Meer machen. \n\nUnser Hund Fritz hat es auch sehr gefallen. Wir kommen bestimmt genre wieder!\u201d<\/div>\n\t\t\t\n            <div class=\"th-star-rating th-star-50\">\n<span class=\"th-star-1 fa\"><\/span>\n<span class=\"th-star-2 fa\"><\/span>\n<span class=\"th-star-3 fa\"><\/span>\n<span class=\"th-star-4 fa\"><\/span>\n<span class=\"th-star-5 fa\"><\/span>\n<\/div>\n\t\t\t\n                    <div class=\"elementor-testimonial-meta\">\n\n\t\t\t\t<div class=\"elementor-testimonial-meta-inner\">\n                    \n\t\t\t\t\t\t\t\t\t\t<div class=\"elementor-testimonial-details\">\n\t\t\t\t\t\t\t\t\t\t\t\t\t<div class=\"elementor-testimonial-name\">Bea &amp; Volker<\/div>\n\t\t\t\t\t\t\n\t\t\t\t\t\t\t\t\t\t\t\t\t<div class=\"elementor-testimonial-job\">(mit Hund)<\/div>\n\t\t\t\t\t\t\t\t\t\t\t<\/div>\n\t\t\t\t\t\t\t\t\t<\/div>\n\t\t\t<\/div>\n\t\t\t\t\t<\/div>\n\t\t\t\t\t<\/div>\n\t\t\t\t<\/div>\n\t\t\t\t<div class=\"elementor-element elementor-element-d88ff83 elementor-widget elementor-widget-themo-testimonial\" data-id=\"d88ff83\" data-element_type=\"widget\" data-e-type=\"widget\" data-widget_type=\"themo-testimonial.default\">\n\t\t\t\t<div class=\"elementor-widget-container\">\n\t\t\t\t\t        \n\t\t<div class=\"elementor-testimonial-wrapper th-testimonial-w th-txt-sm elementor-testimonial-text-align-right\">\n\n            \n\t\t\t\t\t\t\t<div class=\"elementor-testimonial-content\">\u201cWas f\u00fcr ein wundersch\u00f6nes Haus in traumhafter Lage! Wir haben unseren Urlaub als kleine Familie in vollen Z\u00fcgen genossen - und das lag vor allem auch daran, dass wir ein einem Haus wohnen durften, in dem man sich einfach nur wohlgef\u00fchlen kann: geschmackvoll und komfortabel eingerichtet sowie mit liebevollen Details versehen (frische Blumen, leckerer Wein und Spielzeug f\u00fcr's Baby. Dazu noch der gro\u00dfe Garten und die Natur direkt vor der T\u00fcr. Wir sind rundum begeistert und kommen sicherlicht wieder.\"<\/div>\n\t\t\t\n            <div class=\"th-star-rating th-star-50\">\n<span class=\"th-star-1 fa\"><\/span>\n<span class=\"th-star-2 fa\"><\/span>\n<span class=\"th-star-3 fa\"><\/span>\n<span class=\"th-star-4 fa\"><\/span>\n<span class=\"th-star-5 fa\"><\/span>\n<\/div>\n\t\t\t\n                    <div class=\"elementor-testimonial-meta\">\n\n\t\t\t\t<div class=\"elementor-testimonial-meta-inner\">\n                    \n\t\t\t\t\t\t\t\t\t\t<div class=\"elementor-testimonial-details\">\n\t\t\t\t\t\t\t\t\t\t\t\t\t<div class=\"elementor-testimonial-name\">Svenja<\/div>\n\t\t\t\t\t\t\n\t\t\t\t\t\t\t\t\t\t\t\t\t<div class=\"elementor-testimonial-job\">(mit Familie)<\/div>\n\t\t\t\t\t\t\t\t\t\t\t<\/div>\n\t\t\t\t\t\t\t\t\t<\/div>\n\t\t\t<\/div>\n\t\t\t\t\t<\/div>\n\t\t\t\t\t<\/div>\n\t\t\t\t<\/div>\n\t\t\t\t<div class=\"elementor-element elementor-element-ff9857e elementor-widget elementor-widget-themo-testimonial\" data-id=\"ff9857e\" data-element_type=\"widget\" data-e-type=\"widget\" data-widget_type=\"themo-testimonial.default\">\n\t\t\t\t<div class=\"elementor-widget-container\">\n\t\t\t\t\t        \n\t\t<div class=\"elementor-testimonial-wrapper th-testimonial-w th-txt-sm elementor-testimonial-text-align-left\">\n\n            \n\t\t\t\t\t\t\t<div class=\"elementor-testimonial-content\">\u201cWir w\u00fcrden gerne noch bleiben\ud83d\ude0a! In Ihren wundersch\u00f6nes Haus haben wir uns direkt wie zu Hause gef\u00fchlt. Es ist so liebevoll bis ins letzte Detail eingerichtet. Das Wetter war herrlich. Wir haben die Insel mit den R\u00e4der entdeckt und sind begeistert von der Natur! Die Ponys waren bei jeden Abendspaziergang ein Erlebnis! Besonders f\u00fcr unseren Hund, die sich in dem gro\u00dfen sch\u00f6nen Garten auch sehr wohl gef\u00fchlt hat\u201d<\/div>\n\t\t\t\n            <div class=\"th-star-rating th-star-50\">\n<span class=\"th-star-1 fa\"><\/span>\n<span class=\"th-star-2 fa\"><\/span>\n<span class=\"th-star-3 fa\"><\/span>\n<span class=\"th-star-4 fa\"><\/span>\n<span class=\"th-star-5 fa\"><\/span>\n<\/div>\n\t\t\t\n                    <div class=\"elementor-testimonial-meta\">\n\n\t\t\t\t<div class=\"elementor-testimonial-meta-inner\">\n                    \n\t\t\t\t\t\t\t\t\t\t<div class=\"elementor-testimonial-details\">\n\t\t\t\t\t\t\t\t\t\t\t\t\t<div class=\"elementor-testimonial-name\">Andreas &amp; Kathrin<\/div>\n\t\t\t\t\t\t\n\t\t\t\t\t\t\t\t\t\t\t\t\t<div class=\"elementor-testimonial-job\">(mit Hund)<\/div>\n\t\t\t\t\t\t\t\t\t\t\t<\/div>\n\t\t\t\t\t\t\t\t\t<\/div>\n\t\t\t<\/div>\n\t\t\t\t\t<\/div>\n\t\t\t\t\t<\/div>\n\t\t\t\t<\/div>\n\t\t\t\t<div class=\"elementor-element elementor-element-9762697 elementor-widget elementor-widget-themo-testimonial\" data-id=\"9762697\" data-element_type=\"widget\" data-e-type=\"widget\" data-widget_type=\"themo-testimonial.default\">\n\t\t\t\t<div class=\"elementor-widget-container\">\n\t\t\t\t\t        \n\t\t<div class=\"elementor-testimonial-wrapper th-testimonial-w th-txt-sm elementor-testimonial-text-align-right\">\n\n            \n\t\t\t\t\t\t\t<div class=\"elementor-testimonial-content\">\u201cWir haben eine tolle wunderbare Woche hier verbracht und sind mit tr\u00e4nenden Augen abgereist. Das Haus ist super, toll gelegen. We haben lange Spazierg\u00e4nge unternommen, und das tolle ist, das man in wenigen km auf Strand ist. Herrlich diese Ruhe! Wir haben uns sehr gut erholt un werden ganz bestimmt n\u00e4chstes Jahr wieder kommen\u201d<\/div>\n\t\t\t\n            <div class=\"th-star-rating th-star-50\">\n<span class=\"th-star-1 fa\"><\/span>\n<span class=\"th-star-2 fa\"><\/span>\n<span class=\"th-star-3 fa\"><\/span>\n<span class=\"th-star-4 fa\"><\/span>\n<span class=\"th-star-5 fa\"><\/span>\n<\/div>\n\t\t\t\n                    <div class=\"elementor-testimonial-meta\">\n\n\t\t\t\t<div class=\"elementor-testimonial-meta-inner\">\n                    \n\t\t\t\t\t\t\t\t\t\t<div class=\"elementor-testimonial-details\">\n\t\t\t\t\t\t\t\t\t\t\t\t\t<div class=\"elementor-testimonial-name\">Lucie &amp; Alex<\/div>\n\t\t\t\t\t\t\n\t\t\t\t\t\t\t\t\t\t\t<\/div>\n\t\t\t\t\t\t\t\t\t<\/div>\n\t\t\t<\/div>\n\t\t\t\t\t<\/div>\n\t\t\t\t\t<\/div>\n\t\t\t\t<\/div>\n\t\t\t\t<div class=\"elementor-element elementor-element-1eed01b elementor-widget elementor-widget-themo-testimonial\" data-id=\"1eed01b\" data-element_type=\"widget\" data-e-type=\"widget\" data-widget_type=\"themo-testimonial.default\">\n\t\t\t\t<div class=\"elementor-widget-container\">\n\t\t\t\t\t        \n\t\t<div class=\"elementor-testimonial-wrapper th-testimonial-w th-txt-sm elementor-testimonial-text-align-left\">\n\n            \n\t\t\t\t\t\t\t<div class=\"elementor-testimonial-content\">\u201cWir sind jetzt zum zweiten Mal hier. Un es war wie immer herrlich dieses Haus zu genie\u00dfen!!! Sch\u00f6n, da\u00df es Familie Rauscher-Landa gibt, die dieses Haus sooooo sch\u00f6n eingerichtet haben! \u201d<\/div>\n\t\t\t\n            <div class=\"th-star-rating th-star-50\">\n<span class=\"th-star-1 fa\"><\/span>\n<span class=\"th-star-2 fa\"><\/span>\n<span class=\"th-star-3 fa\"><\/span>\n<span class=\"th-star-4 fa\"><\/span>\n<span class=\"th-star-5 fa\"><\/span>\n<\/div>\n\t\t\t\n                    <div class=\"elementor-testimonial-meta\">\n\n\t\t\t\t<div class=\"elementor-testimonial-meta-inner\">\n                    \n\t\t\t\t\t\t\t\t\t\t<div class=\"elementor-testimonial-details\">\n\t\t\t\t\t\t\t\t\t\t\t\t\t<div class=\"elementor-testimonial-name\">Gabi &amp; Meinhard<\/div>\n\t\t\t\t\t\t\n\t\t\t\t\t\t\t\t\t\t\t<\/div>\n\t\t\t\t\t\t\t\t\t<\/div>\n\t\t\t<\/div>\n\t\t\t\t\t<\/div>\n\t\t\t\t\t<\/div>\n\t\t\t\t<\/div>\n\t\t\t\t\t<\/div>\n\t\t<\/div>\n\t\t\t\t\t<\/div>\n\t\t<\/section>\n\t\t\t\t<section class=\"elementor-section elementor-top-section elementor-element elementor-element-c1a5651 elementor-section-boxed elementor-section-height-default elementor-section-height-default\" data-id=\"c1a5651\" data-element_type=\"section\" data-e-type=\"section\">\n\t\t\t\t\t\t<div class=\"elementor-container elementor-column-gap-default\">\n\t\t\t\t\t<div class=\"elementor-column elementor-col-100 elementor-top-column elementor-element elementor-element-cb9a279\" data-id=\"cb9a279\" data-element_type=\"column\" data-e-type=\"column\">\n\t\t\t<div class=\"elementor-widget-wrap elementor-element-populated\">\n\t\t\t\t\t\t<div class=\"elementor-element elementor-element-5e47479 elementor-widget elementor-widget-themo-testimonial\" data-id=\"5e47479\" data-element_type=\"widget\" data-e-type=\"widget\" data-widget_type=\"themo-testimonial.default\">\n\t\t\t\t<div class=\"elementor-widget-container\">\n\t\t\t\t\t        \n\t\t<div class=\"elementor-testimonial-wrapper th-testimonial-w th-txt-sm elementor-testimonial-text-align-right\">\n\n            \n\t\t\t\t\t\t\t<div class=\"elementor-testimonial-content\">\u201cWir haben hier einen herrlichen Urlaub erlebt. Und das lag besonders an unserem sch\u00f6nen Ferienhaus. Man merkt sofort da\u00df es mit viel Liebe zum Detail eingerichtet wurde. Gem\u00fctlichkeit und ein sch\u00f6nes Ambiente wir hier gro\u00df geschrieben. Es was immer wieder sch\u00f6n, nach langen Spaziergangen hierher zur\u00fcck zu kehren. Wir haben uns auf Anfang hier wie zu Hause gef\u00fchlt.\u201d<\/div>\n\t\t\t\n            <div class=\"th-star-rating th-star-50\">\n<span class=\"th-star-1 fa\"><\/span>\n<span class=\"th-star-2 fa\"><\/span>\n<span class=\"th-star-3 fa\"><\/span>\n<span class=\"th-star-4 fa\"><\/span>\n<span class=\"th-star-5 fa\"><\/span>\n<\/div>\n\t\t\t\n                    <div class=\"elementor-testimonial-meta\">\n\n\t\t\t\t<div class=\"elementor-testimonial-meta-inner\">\n                    \n\t\t\t\t\t\t\t\t\t\t<div class=\"elementor-testimonial-details\">\n\t\t\t\t\t\t\t\t\t\t\t\t\t<div class=\"elementor-testimonial-name\">Michaela &amp; Ralf<\/div>\n\t\t\t\t\t\t\n\t\t\t\t\t\t\t\t\t\t\t<\/div>\n\t\t\t\t\t\t\t\t\t<\/div>\n\t\t\t<\/div>\n\t\t\t\t\t<\/div>\n\t\t\t\t\t<\/div>\n\t\t\t\t<\/div>\n\t\t\t\t\t<\/div>\n\t\t<\/div>\n\t\t\t\t\t<\/div>\n\t\t<\/section>\n\t\t\t\t<section class=\"elementor-section elementor-top-section elementor-element elementor-element-6674bbb elementor-section-boxed elementor-section-height-default elementor-section-height-default\" data-id=\"6674bbb\" data-element_type=\"section\" data-e-type=\"section\">\n\t\t\t\t\t\t<div class=\"elementor-container elementor-column-gap-default\">\n\t\t\t\t\t<div class=\"elementor-column elementor-col-100 elementor-top-column elementor-element elementor-element-1ae261a\" data-id=\"1ae261a\" data-element_type=\"column\" data-e-type=\"column\">\n\t\t\t<div class=\"elementor-widget-wrap elementor-element-populated\">\n\t\t\t\t\t\t<div class=\"elementor-element elementor-element-adbe73a elementor-widget elementor-widget-themo-call-to-action\" data-id=\"adbe73a\" data-element_type=\"widget\" data-e-type=\"widget\" data-widget_type=\"themo-call-to-action.default\">\n\t\t\t\t<div class=\"elementor-widget-container\">\n\t\t\t\t\t\t\t<div class=\"th-cta\">\n\t\t\t\t\t        <div class=\"th-cta-text\">\n\t\t            <span>verf\u00fcgbarkeit pr\u00fcfen<\/span>\n\t\t        <\/div>\n\t\t    \n                        <div class=\"th-cta-btn\">\n\n                                    <a class=\"btn-1 btn th-btn btn-standard-primary\" href=\"http:\/\/www.schouwseduin.com\/nieuw\/reserveren\/\">\n                                                    kalender                                            <\/a>\n                \n                            <\/div>\n            \t\t<\/div>\n\t\t\t\t\t\t<\/div>\n\t\t\t\t<\/div>\n\t\t\t\t\t<\/div>\n\t\t<\/div>\n\t\t\t\t\t<\/div>\n\t\t<\/section>\n\t\t\t\t<\/div>\n\t\t","protected":false},"excerpt":{"rendered":"<p>Hier sind einige Ausz\u00fcge aus unserem G\u00e4stebuch! \u201cWir haben dei Woche in ihrem Ferienhaus sehr genossen. Danke f\u00fcr den warmen Empfang, die frischen Blumen und die leckere Flasche Wein????. Das Haus liet sehr sch\u00f6n end wir konnten viele Ausfl\u00fcge ins &hellip; <a href=\"https:\/\/schouwseduin.com\/de\/erfahrungen\/\">Read More<\/a><\/p>\n","protected":false},"author":1,"featured_media":0,"parent":0,"menu_order":0,"comment_status":"closed","ping_status":"closed","template":"","meta":{"footnotes":""},"class_list":["post-720","page","type-page","status-publish","hentry"],"yoast_head":"<!-- This site is optimized with the Yoast SEO plugin v26.9 - https:\/\/yoast.com\/product\/yoast-seo-wordpress\/ -->\n<title>erfahrungen - schouwseduin.com<\/title>\n<meta name=\"robots\" content=\"index, follow, max-snippet:-1, max-image-preview:large, max-video-preview:-1\" \/>\n<link rel=\"canonical\" href=\"https:\/\/schouwseduin.com\/de\/erfahrungen\/\" \/>\n<meta property=\"og:locale\" content=\"de_DE\" \/>\n<meta property=\"og:type\" content=\"article\" \/>\n<meta property=\"og:title\" content=\"erfahrungen - schouwseduin.com\" \/>\n<meta property=\"og:description\" content=\"Hier sind einige Ausz\u00fcge aus unserem G\u00e4stebuch! \u201cWir haben dei Woche in ihrem Ferienhaus sehr genossen. Danke f\u00fcr den warmen Empfang, die frischen Blumen und die leckere Flasche Wein????. Das Haus liet sehr sch\u00f6n end wir konnten viele Ausfl\u00fcge ins &hellip; Read More\" \/>\n<meta property=\"og:url\" content=\"https:\/\/schouwseduin.com\/de\/erfahrungen\/\" \/>\n<meta property=\"og:site_name\" content=\"schouwseduin.com\" \/>\n<meta property=\"article:modified_time\" content=\"2025-03-25T09:08:54+00:00\" \/>\n<meta name=\"twitter:card\" content=\"summary_large_image\" \/>\n<meta name=\"twitter:label1\" content=\"Gesch\u00e4tzte Lesezeit\" \/>\n\t<meta name=\"twitter:data1\" content=\"3\u00a0Minuten\" \/>\n<script type=\"application\/ld+json\" class=\"yoast-schema-graph\">{\"@context\":\"https:\/\/schema.org\",\"@graph\":[{\"@type\":\"WebPage\",\"@id\":\"https:\/\/schouwseduin.com\/de\/erfahrungen\/\",\"url\":\"https:\/\/schouwseduin.com\/de\/erfahrungen\/\",\"name\":\"erfahrungen - schouwseduin.com\",\"isPartOf\":{\"@id\":\"https:\/\/schouwseduin.com\/de\/#website\"},\"datePublished\":\"2020-04-08T19:29:51+00:00\",\"dateModified\":\"2025-03-25T09:08:54+00:00\",\"breadcrumb\":{\"@id\":\"https:\/\/schouwseduin.com\/de\/erfahrungen\/#breadcrumb\"},\"inLanguage\":\"de\",\"potentialAction\":[{\"@type\":\"ReadAction\",\"target\":[\"https:\/\/schouwseduin.com\/de\/erfahrungen\/\"]}]},{\"@type\":\"BreadcrumbList\",\"@id\":\"https:\/\/schouwseduin.com\/de\/erfahrungen\/#breadcrumb\",\"itemListElement\":[{\"@type\":\"ListItem\",\"position\":1,\"name\":\"Home\",\"item\":\"https:\/\/schouwseduin.com\/de\/\"},{\"@type\":\"ListItem\",\"position\":2,\"name\":\"erfahrungen\"}]},{\"@type\":\"WebSite\",\"@id\":\"https:\/\/schouwseduin.com\/de\/#website\",\"url\":\"https:\/\/schouwseduin.com\/de\/\",\"name\":\"schouwseduin.com\",\"description\":\"\",\"publisher\":{\"@id\":\"https:\/\/schouwseduin.com\/de\/#organization\"},\"potentialAction\":[{\"@type\":\"SearchAction\",\"target\":{\"@type\":\"EntryPoint\",\"urlTemplate\":\"https:\/\/schouwseduin.com\/de\/?s={search_term_string}\"},\"query-input\":{\"@type\":\"PropertyValueSpecification\",\"valueRequired\":true,\"valueName\":\"search_term_string\"}}],\"inLanguage\":\"de\"},{\"@type\":\"Organization\",\"@id\":\"https:\/\/schouwseduin.com\/de\/#organization\",\"name\":\"Schouwse Duin\",\"url\":\"https:\/\/schouwseduin.com\/de\/\",\"logo\":{\"@type\":\"ImageObject\",\"inLanguage\":\"de\",\"@id\":\"https:\/\/schouwseduin.com\/de\/#\/schema\/logo\/image\/\",\"url\":\"https:\/\/schouwseduin.com\/wp-content\/uploads\/2020\/04\/SchouwseDuinLogo-1.png\",\"contentUrl\":\"https:\/\/schouwseduin.com\/wp-content\/uploads\/2020\/04\/SchouwseDuinLogo-1.png\",\"width\":1393,\"height\":162,\"caption\":\"Schouwse Duin\"},\"image\":{\"@id\":\"https:\/\/schouwseduin.com\/de\/#\/schema\/logo\/image\/\"}}]}<\/script>\n<!-- \/ Yoast SEO plugin. -->","yoast_head_json":{"title":"erfahrungen - schouwseduin.com","robots":{"index":"index","follow":"follow","max-snippet":"max-snippet:-1","max-image-preview":"max-image-preview:large","max-video-preview":"max-video-preview:-1"},"canonical":"https:\/\/schouwseduin.com\/de\/erfahrungen\/","og_locale":"de_DE","og_type":"article","og_title":"erfahrungen - schouwseduin.com","og_description":"Hier sind einige Ausz\u00fcge aus unserem G\u00e4stebuch! \u201cWir haben dei Woche in ihrem Ferienhaus sehr genossen. Danke f\u00fcr den warmen Empfang, die frischen Blumen und die leckere Flasche Wein????. Das Haus liet sehr sch\u00f6n end wir konnten viele Ausfl\u00fcge ins &hellip; Read More","og_url":"https:\/\/schouwseduin.com\/de\/erfahrungen\/","og_site_name":"schouwseduin.com","article_modified_time":"2025-03-25T09:08:54+00:00","twitter_card":"summary_large_image","twitter_misc":{"Gesch\u00e4tzte Lesezeit":"3\u00a0Minuten"},"schema":{"@context":"https:\/\/schema.org","@graph":[{"@type":"WebPage","@id":"https:\/\/schouwseduin.com\/de\/erfahrungen\/","url":"https:\/\/schouwseduin.com\/de\/erfahrungen\/","name":"erfahrungen - schouwseduin.com","isPartOf":{"@id":"https:\/\/schouwseduin.com\/de\/#website"},"datePublished":"2020-04-08T19:29:51+00:00","dateModified":"2025-03-25T09:08:54+00:00","breadcrumb":{"@id":"https:\/\/schouwseduin.com\/de\/erfahrungen\/#breadcrumb"},"inLanguage":"de","potentialAction":[{"@type":"ReadAction","target":["https:\/\/schouwseduin.com\/de\/erfahrungen\/"]}]},{"@type":"BreadcrumbList","@id":"https:\/\/schouwseduin.com\/de\/erfahrungen\/#breadcrumb","itemListElement":[{"@type":"ListItem","position":1,"name":"Home","item":"https:\/\/schouwseduin.com\/de\/"},{"@type":"ListItem","position":2,"name":"erfahrungen"}]},{"@type":"WebSite","@id":"https:\/\/schouwseduin.com\/de\/#website","url":"https:\/\/schouwseduin.com\/de\/","name":"schouwseduin.com","description":"","publisher":{"@id":"https:\/\/schouwseduin.com\/de\/#organization"},"potentialAction":[{"@type":"SearchAction","target":{"@type":"EntryPoint","urlTemplate":"https:\/\/schouwseduin.com\/de\/?s={search_term_string}"},"query-input":{"@type":"PropertyValueSpecification","valueRequired":true,"valueName":"search_term_string"}}],"inLanguage":"de"},{"@type":"Organization","@id":"https:\/\/schouwseduin.com\/de\/#organization","name":"Schouwse Duin","url":"https:\/\/schouwseduin.com\/de\/","logo":{"@type":"ImageObject","inLanguage":"de","@id":"https:\/\/schouwseduin.com\/de\/#\/schema\/logo\/image\/","url":"https:\/\/schouwseduin.com\/wp-content\/uploads\/2020\/04\/SchouwseDuinLogo-1.png","contentUrl":"https:\/\/schouwseduin.com\/wp-content\/uploads\/2020\/04\/SchouwseDuinLogo-1.png","width":1393,"height":162,"caption":"Schouwse Duin"},"image":{"@id":"https:\/\/schouwseduin.com\/de\/#\/schema\/logo\/image\/"}}]}},"_links":{"self":[{"href":"https:\/\/schouwseduin.com\/de\/wp-json\/wp\/v2\/pages\/720","targetHints":{"allow":["GET"]}}],"collection":[{"href":"https:\/\/schouwseduin.com\/de\/wp-json\/wp\/v2\/pages"}],"about":[{"href":"https:\/\/schouwseduin.com\/de\/wp-json\/wp\/v2\/types\/page"}],"author":[{"embeddable":true,"href":"https:\/\/schouwseduin.com\/de\/wp-json\/wp\/v2\/users\/1"}],"replies":[{"embeddable":true,"href":"https:\/\/schouwseduin.com\/de\/wp-json\/wp\/v2\/comments?post=720"}],"version-history":[{"count":12,"href":"https:\/\/schouwseduin.com\/de\/wp-json\/wp\/v2\/pages\/720\/revisions"}],"predecessor-version":[{"id":5503,"href":"https:\/\/schouwseduin.com\/de\/wp-json\/wp\/v2\/pages\/720\/revisions\/5503"}],"wp:attachment":[{"href":"https:\/\/schouwseduin.com\/de\/wp-json\/wp\/v2\/media?parent=720"}],"curies":[{"name":"wp","href":"https:\/\/api.w.org\/{rel}","templated":true}]}}