{"id":708,"date":"2020-04-08T19:21:10","date_gmt":"2020-04-08T19:21:10","guid":{"rendered":"http:\/\/www.schouwseduin.com\/?page_id=708"},"modified":"2020-04-08T20:10:12","modified_gmt":"2020-04-08T20:10:12","slug":"umgebung","status":"publish","type":"page","link":"https:\/\/schouwseduin.com\/de\/umgebung\/","title":{"rendered":"umgebung"},"content":{"rendered":"\t\t<div data-elementor-type=\"wp-page\" data-elementor-id=\"708\" class=\"elementor elementor-708 elementor-332\" data-elementor-post-type=\"page\">\n\t\t\t\t\t\t<section class=\"elementor-section elementor-top-section elementor-element elementor-element-0ef8c2f elementor-section-boxed elementor-section-height-default elementor-section-height-default\" data-id=\"0ef8c2f\" data-element_type=\"section\" data-e-type=\"section\">\n\t\t\t\t\t\t<div class=\"elementor-container elementor-column-gap-default\">\n\t\t\t\t\t<div class=\"elementor-column elementor-col-100 elementor-top-column elementor-element elementor-element-da138d7\" data-id=\"da138d7\" data-element_type=\"column\" data-e-type=\"column\">\n\t\t\t<div class=\"elementor-widget-wrap elementor-element-populated\">\n\t\t\t\t\t\t<div class=\"elementor-element elementor-element-d2ded20 elementor-widget elementor-widget-text-editor\" data-id=\"d2ded20\" data-element_type=\"widget\" data-e-type=\"widget\" data-widget_type=\"text-editor.default\">\n\t\t\t\t<div class=\"elementor-widget-container\">\n\t\t\t\t\t\t\t\t\t<p>Das Haus ist eine perfekte Basis f\u00fcr einen herrlichen Urlaub im sonnigen Schouwen \u2013 Duiveland. Hier k\u00f6nnen Sie den breiten Nordseestrand mit dessen Strandpavillons genie\u00dfen, aber auch die D\u00fcnen (Zeepeduinen) und gro\u00dfen W\u00e4lder der F\u00f6rsterei \u2018Boswachterij Westenschouwen&#8216;. Spazierg\u00e4nge, Wanderungen oder Radtouren bieten sich an, und die Orte Zierikzee, Bruinisse und Veere sind einen Besuch wert.<\/p>\t\t\t\t\t\t\t\t<\/div>\n\t\t\t\t<\/div>\n\t\t\t\t\t<\/div>\n\t\t<\/div>\n\t\t\t\t\t<\/div>\n\t\t<\/section>\n\t\t\t\t<section class=\"elementor-section elementor-top-section elementor-element elementor-element-ed9688c elementor-section-boxed elementor-section-height-default elementor-section-height-default\" data-id=\"ed9688c\" data-element_type=\"section\" data-e-type=\"section\">\n\t\t\t\t\t\t<div class=\"elementor-container elementor-column-gap-default\">\n\t\t\t\t\t<div class=\"elementor-column elementor-col-50 elementor-top-column elementor-element elementor-element-2a919c1\" data-id=\"2a919c1\" data-element_type=\"column\" data-e-type=\"column\">\n\t\t\t<div class=\"elementor-widget-wrap elementor-element-populated\">\n\t\t\t\t\t\t<div class=\"elementor-element elementor-element-ff8210b elementor-widget elementor-widget-image\" data-id=\"ff8210b\" data-element_type=\"widget\" data-e-type=\"widget\" data-widget_type=\"image.default\">\n\t\t\t\t<div class=\"elementor-widget-container\">\n\t\t\t\t\t\t\t\t\t\t\t\t\t\t\t<img fetchpriority=\"high\" decoding=\"async\" width=\"1024\" height=\"685\" src=\"https:\/\/schouwseduin.com\/wp-content\/uploads\/2020\/04\/Blik-op-Oosterscheldekering-1024x685.jpg\" class=\"attachment-large size-large wp-image-341\" alt=\"\" srcset=\"https:\/\/schouwseduin.com\/wp-content\/uploads\/2020\/04\/Blik-op-Oosterscheldekering-1024x685.jpg 1024w, https:\/\/schouwseduin.com\/wp-content\/uploads\/2020\/04\/Blik-op-Oosterscheldekering-300x201.jpg 300w, https:\/\/schouwseduin.com\/wp-content\/uploads\/2020\/04\/Blik-op-Oosterscheldekering-768x514.jpg 768w, https:\/\/schouwseduin.com\/wp-content\/uploads\/2020\/04\/Blik-op-Oosterscheldekering-1536x1028.jpg 1536w, https:\/\/schouwseduin.com\/wp-content\/uploads\/2020\/04\/Blik-op-Oosterscheldekering-2048x1371.jpg 2048w, https:\/\/schouwseduin.com\/wp-content\/uploads\/2020\/04\/Blik-op-Oosterscheldekering-75x50.jpg 75w, https:\/\/schouwseduin.com\/wp-content\/uploads\/2020\/04\/Blik-op-Oosterscheldekering-120x80.jpg 120w, https:\/\/schouwseduin.com\/wp-content\/uploads\/2020\/04\/Blik-op-Oosterscheldekering-394x264.jpg 394w, https:\/\/schouwseduin.com\/wp-content\/uploads\/2020\/04\/Blik-op-Oosterscheldekering-915x613.jpg 915w, https:\/\/schouwseduin.com\/wp-content\/uploads\/2020\/04\/Blik-op-Oosterscheldekering-1240x830.jpg 1240w, https:\/\/schouwseduin.com\/wp-content\/uploads\/2020\/04\/Blik-op-Oosterscheldekering-1613x1080.jpg 1613w\" sizes=\"(max-width: 1024px) 100vw, 1024px\" \/>\t\t\t\t\t\t\t\t\t\t\t\t\t\t\t<\/div>\n\t\t\t\t<\/div>\n\t\t\t\t<div class=\"elementor-element elementor-element-41e6eb1 elementor-widget elementor-widget-heading\" data-id=\"41e6eb1\" data-element_type=\"widget\" data-e-type=\"widget\" data-widget_type=\"heading.default\">\n\t\t\t\t<div class=\"elementor-widget-container\">\n\t\t\t\t\t<h2 class=\"elementor-heading-title elementor-size-medium\">Sehensw\u00fcrdigkeiten und Aktivit\u00e4ten<\/h2>\t\t\t\t<\/div>\n\t\t\t\t<\/div>\n\t\t\t\t<div class=\"elementor-element elementor-element-edea4d7 elementor-icon-list--layout-traditional elementor-list-item-link-full_width elementor-widget elementor-widget-icon-list\" data-id=\"edea4d7\" data-element_type=\"widget\" data-e-type=\"widget\" data-widget_type=\"icon-list.default\">\n\t\t\t\t<div class=\"elementor-widget-container\">\n\t\t\t\t\t\t\t<ul class=\"elementor-icon-list-items\">\n\t\t\t\t\t\t\t<li class=\"elementor-icon-list-item\">\n\t\t\t\t\t\t\t\t\t\t\t<span class=\"elementor-icon-list-icon\">\n\t\t\t\t\t\t\t<i aria-hidden=\"true\" class=\"fab fa-simplybuilt\"><\/i>\t\t\t\t\t\t<\/span>\n\t\t\t\t\t\t\t\t\t\t<span class=\"elementor-icon-list-text\">Slot van Haamstede (Schlo\u00df)<\/span>\n\t\t\t\t\t\t\t\t\t<\/li>\n\t\t\t\t\t\t\t\t<li class=\"elementor-icon-list-item\">\n\t\t\t\t\t\t\t\t\t\t\t<span class=\"elementor-icon-list-icon\">\n\t\t\t\t\t\t\t<i aria-hidden=\"true\" class=\"fas fa-water\"><\/i>\t\t\t\t\t\t<\/span>\n\t\t\t\t\t\t\t\t\t\t<span class=\"elementor-icon-list-text\">Wasserland \u2018Neeltje jans\u2019<\/span>\n\t\t\t\t\t\t\t\t\t<\/li>\n\t\t\t\t\t\t\t\t<li class=\"elementor-icon-list-item\">\n\t\t\t\t\t\t\t\t\t\t\t<span class=\"elementor-icon-list-icon\">\n\t\t\t\t\t\t\t<i aria-hidden=\"true\" class=\"fas fa-paint-brush\"><\/i>\t\t\t\t\t\t<\/span>\n\t\t\t\t\t\t\t\t\t\t<span class=\"elementor-icon-list-text\">Museen und Galerien<\/span>\n\t\t\t\t\t\t\t\t\t<\/li>\n\t\t\t\t\t\t\t\t<li class=\"elementor-icon-list-item\">\n\t\t\t\t\t\t\t\t\t\t\t<span class=\"elementor-icon-list-icon\">\n\t\t\t\t\t\t\t<i aria-hidden=\"true\" class=\"far fa-lightbulb\"><\/i>\t\t\t\t\t\t<\/span>\n\t\t\t\t\t\t\t\t\t\t<span class=\"elementor-icon-list-text\">Leuchtturm (Baujahr 1837)<\/span>\n\t\t\t\t\t\t\t\t\t<\/li>\n\t\t\t\t\t\t\t\t<li class=\"elementor-icon-list-item\">\n\t\t\t\t\t\t\t\t\t\t\t<span class=\"elementor-icon-list-icon\">\n\t\t\t\t\t\t\t<i aria-hidden=\"true\" class=\"fas fa-city\"><\/i>\t\t\t\t\t\t<\/span>\n\t\t\t\t\t\t\t\t\t\t<span class=\"elementor-icon-list-text\">Zierikzee, Goes, Middelburg und Vlissingen<\/span>\n\t\t\t\t\t\t\t\t\t<\/li>\n\t\t\t\t\t\t\t\t<li class=\"elementor-icon-list-item\">\n\t\t\t\t\t\t\t\t\t\t\t<span class=\"elementor-icon-list-icon\">\n\t\t\t\t\t\t\t<i aria-hidden=\"true\" class=\"fas fa-mountain\"><\/i>\t\t\t\t\t\t<\/span>\n\t\t\t\t\t\t\t\t\t\t<span class=\"elementor-icon-list-text\">Kletterwald 'De Zeeuwse Helden'<\/span>\n\t\t\t\t\t\t\t\t\t<\/li>\n\t\t\t\t\t\t\t\t<li class=\"elementor-icon-list-item\">\n\t\t\t\t\t\t\t\t\t\t\t<span class=\"elementor-icon-list-icon\">\n\t\t\t\t\t\t\t<i aria-hidden=\"true\" class=\"fas fa-wind\"><\/i>\t\t\t\t\t\t<\/span>\n\t\t\t\t\t\t\t\t\t\t<span class=\"elementor-icon-list-text\">Wind- und Kitesurfen am Brouwersdam<\/span>\n\t\t\t\t\t\t\t\t\t<\/li>\n\t\t\t\t\t\t\t\t<li class=\"elementor-icon-list-item\">\n\t\t\t\t\t\t\t\t\t\t\t<span class=\"elementor-icon-list-icon\">\n\t\t\t\t\t\t\t<i aria-hidden=\"true\" class=\"fas fa-water\"><\/i>\t\t\t\t\t\t<\/span>\n\t\t\t\t\t\t\t\t\t\t<span class=\"elementor-icon-list-text\">Tauchen im Grevelingen und der Schelde<\/span>\n\t\t\t\t\t\t\t\t\t<\/li>\n\t\t\t\t\t\t\t\t<li class=\"elementor-icon-list-item\">\n\t\t\t\t\t\t\t\t\t\t\t<span class=\"elementor-icon-list-icon\">\n\t\t\t\t\t\t\t<i aria-hidden=\"true\" class=\"fas fa-golf-ball\"><\/i>\t\t\t\t\t\t<\/span>\n\t\t\t\t\t\t\t\t\t\t<span class=\"elementor-icon-list-text\">18 holes par 3 Golfplatz<\/span>\n\t\t\t\t\t\t\t\t\t<\/li>\n\t\t\t\t\t\t\t\t<li class=\"elementor-icon-list-item\">\n\t\t\t\t\t\t\t\t\t\t\t<span class=\"elementor-icon-list-icon\">\n\t\t\t\t\t\t\t<i aria-hidden=\"true\" class=\"fas fa-skiing\"><\/i>\t\t\t\t\t\t<\/span>\n\t\t\t\t\t\t\t\t\t\t<span class=\"elementor-icon-list-text\">Wasserski und Wakeboarden in Kortgene und Veere<\/span>\n\t\t\t\t\t\t\t\t\t<\/li>\n\t\t\t\t\t\t\t\t<li class=\"elementor-icon-list-item\">\n\t\t\t\t\t\t\t\t\t\t\t<span class=\"elementor-icon-list-icon\">\n\t\t\t\t\t\t\t<i aria-hidden=\"true\" class=\"fas fa-bowling-ball\"><\/i>\t\t\t\t\t\t<\/span>\n\t\t\t\t\t\t\t\t\t\t<span class=\"elementor-icon-list-text\">Bowling, Tennis und Minigolf im Sportzentrum Westenschouwen<\/span>\n\t\t\t\t\t\t\t\t\t<\/li>\n\t\t\t\t\t\t<\/ul>\n\t\t\t\t\t\t<\/div>\n\t\t\t\t<\/div>\n\t\t\t\t\t<\/div>\n\t\t<\/div>\n\t\t\t\t<div class=\"elementor-column elementor-col-50 elementor-top-column elementor-element elementor-element-32942db\" data-id=\"32942db\" data-element_type=\"column\" data-e-type=\"column\">\n\t\t\t<div class=\"elementor-widget-wrap elementor-element-populated\">\n\t\t\t\t\t\t<div class=\"elementor-element elementor-element-3a2b25c elementor-widget elementor-widget-text-editor\" data-id=\"3a2b25c\" data-element_type=\"widget\" data-e-type=\"widget\" data-widget_type=\"text-editor.default\">\n\t\t\t\t<div class=\"elementor-widget-container\">\n\t\t\t\t\t\t\t\t\t<p>Die Str\u00e4nde sind ca. 2 km entfernt und gleich aus dem Garten durch Wald und D\u00fcnen zu Fu\u00df gut erreichbar.<\/p><p>Das stimmungsvolle Haus ist Teil eines kleinen privaten Villaparks, der direkt an die \u2018Boswachterij Westenschouwen\u2019 grenzt, ein Naturgebiet von \u00fcber 625 ha.<br \/>In dieser F\u00f6rsterei liegen Waldgebiete, D\u00fcnen und die Sandverwehungen \u2018Vroongronden\u2019 mit ca. 100 Ponys; dort leben auch Rehe und Damwild.<br \/>Die Umgebung ist einladend zu Wanderungen auf dazu angelegten Wegen,<br \/>Radfahren, Touren auf dem Mountainbike oder auf der Pferde R\u00fccken.<\/p>\t\t\t\t\t\t\t\t<\/div>\n\t\t\t\t<\/div>\n\t\t\t\t<div class=\"elementor-element elementor-element-9094ce0 elementor-widget elementor-widget-image\" data-id=\"9094ce0\" data-element_type=\"widget\" data-e-type=\"widget\" data-widget_type=\"image.default\">\n\t\t\t\t<div class=\"elementor-widget-container\">\n\t\t\t\t\t\t\t\t\t\t\t\t\t\t\t<img decoding=\"async\" width=\"1024\" height=\"685\" src=\"https:\/\/schouwseduin.com\/wp-content\/uploads\/2020\/04\/klimbos3-1024x685.jpg\" class=\"attachment-large size-large wp-image-364\" alt=\"\" srcset=\"https:\/\/schouwseduin.com\/wp-content\/uploads\/2020\/04\/klimbos3-1024x685.jpg 1024w, https:\/\/schouwseduin.com\/wp-content\/uploads\/2020\/04\/klimbos3-300x201.jpg 300w, https:\/\/schouwseduin.com\/wp-content\/uploads\/2020\/04\/klimbos3-768x514.jpg 768w, https:\/\/schouwseduin.com\/wp-content\/uploads\/2020\/04\/klimbos3-1536x1028.jpg 1536w, https:\/\/schouwseduin.com\/wp-content\/uploads\/2020\/04\/klimbos3-2048x1371.jpg 2048w, https:\/\/schouwseduin.com\/wp-content\/uploads\/2020\/04\/klimbos3-75x50.jpg 75w, https:\/\/schouwseduin.com\/wp-content\/uploads\/2020\/04\/klimbos3-120x80.jpg 120w, https:\/\/schouwseduin.com\/wp-content\/uploads\/2020\/04\/klimbos3-394x264.jpg 394w, https:\/\/schouwseduin.com\/wp-content\/uploads\/2020\/04\/klimbos3-915x613.jpg 915w, https:\/\/schouwseduin.com\/wp-content\/uploads\/2020\/04\/klimbos3-1240x830.jpg 1240w, https:\/\/schouwseduin.com\/wp-content\/uploads\/2020\/04\/klimbos3-1613x1080.jpg 1613w\" sizes=\"(max-width: 1024px) 100vw, 1024px\" \/>\t\t\t\t\t\t\t\t\t\t\t\t\t\t\t<\/div>\n\t\t\t\t<\/div>\n\t\t\t\t\t<\/div>\n\t\t<\/div>\n\t\t\t\t\t<\/div>\n\t\t<\/section>\n\t\t\t\t<section class=\"elementor-section elementor-top-section elementor-element elementor-element-83d7b3f elementor-section-boxed elementor-section-height-default elementor-section-height-default\" data-id=\"83d7b3f\" data-element_type=\"section\" data-e-type=\"section\">\n\t\t\t\t\t\t<div class=\"elementor-container elementor-column-gap-default\">\n\t\t\t\t\t<div class=\"elementor-column elementor-col-100 elementor-top-column elementor-element elementor-element-fb17fbc\" data-id=\"fb17fbc\" data-element_type=\"column\" data-e-type=\"column\">\n\t\t\t<div class=\"elementor-widget-wrap elementor-element-populated\">\n\t\t\t\t\t\t<div class=\"elementor-element elementor-element-cc3de16 elementor-widget elementor-widget-themo-call-to-action\" data-id=\"cc3de16\" data-element_type=\"widget\" data-e-type=\"widget\" data-widget_type=\"themo-call-to-action.default\">\n\t\t\t\t<div class=\"elementor-widget-container\">\n\t\t\t\t\t\t\t<div class=\"th-cta\">\n\t\t\t\t\t        <div class=\"th-cta-text\">\n\t\t            <span>verf\u00fcgbarkeit pr\u00fcfen<\/span>\n\t\t        <\/div>\n\t\t    \n                        <div class=\"th-cta-btn\">\n\n                                    <a class=\"btn-1 btn th-btn btn-standard-primary\" href=\"http:\/\/www.schouwseduin.com\/de\/reservieren\">\n                                                    kalender                                            <\/a>\n                \n                            <\/div>\n            \t\t<\/div>\n\t\t\t\t\t\t<\/div>\n\t\t\t\t<\/div>\n\t\t\t\t\t<\/div>\n\t\t<\/div>\n\t\t\t\t\t<\/div>\n\t\t<\/section>\n\t\t\t\t<\/div>\n\t\t","protected":false},"excerpt":{"rendered":"<p>Das Haus ist eine perfekte Basis f\u00fcr einen herrlichen Urlaub im sonnigen Schouwen \u2013 Duiveland. Hier k\u00f6nnen Sie den breiten Nordseestrand mit dessen Strandpavillons genie\u00dfen, aber auch die D\u00fcnen (Zeepeduinen) und gro\u00dfen W\u00e4lder der F\u00f6rsterei \u2018Boswachterij Westenschouwen&#8216;. Spazierg\u00e4nge, Wanderungen oder &hellip; <a href=\"https:\/\/schouwseduin.com\/de\/umgebung\/\">Read More<\/a><\/p>\n","protected":false},"author":1,"featured_media":0,"parent":0,"menu_order":0,"comment_status":"closed","ping_status":"closed","template":"","meta":{"footnotes":""},"class_list":["post-708","page","type-page","status-publish","hentry"],"yoast_head":"<!-- This site is optimized with the Yoast SEO plugin v26.9 - https:\/\/yoast.com\/product\/yoast-seo-wordpress\/ -->\n<title>umgebung - schouwseduin.com<\/title>\n<meta name=\"robots\" content=\"index, follow, max-snippet:-1, max-image-preview:large, max-video-preview:-1\" \/>\n<link rel=\"canonical\" href=\"https:\/\/schouwseduin.com\/de\/umgebung\/\" \/>\n<meta property=\"og:locale\" content=\"de_DE\" \/>\n<meta property=\"og:type\" content=\"article\" \/>\n<meta property=\"og:title\" content=\"umgebung - schouwseduin.com\" \/>\n<meta property=\"og:description\" content=\"Das Haus ist eine perfekte Basis f\u00fcr einen herrlichen Urlaub im sonnigen Schouwen \u2013 Duiveland. Hier k\u00f6nnen Sie den breiten Nordseestrand mit dessen Strandpavillons genie\u00dfen, aber auch die D\u00fcnen (Zeepeduinen) und gro\u00dfen W\u00e4lder der F\u00f6rsterei \u2018Boswachterij Westenschouwen&#8216;. Spazierg\u00e4nge, Wanderungen oder &hellip; Read More\" \/>\n<meta property=\"og:url\" content=\"https:\/\/schouwseduin.com\/de\/umgebung\/\" \/>\n<meta property=\"og:site_name\" content=\"schouwseduin.com\" \/>\n<meta property=\"article:modified_time\" content=\"2020-04-08T20:10:12+00:00\" \/>\n<meta property=\"og:image\" content=\"http:\/\/www.schouwseduin.com\/wp-content\/uploads\/2020\/04\/Blik-op-Oosterscheldekering-1024x685.jpg\" \/>\n<meta name=\"twitter:card\" content=\"summary_large_image\" \/>\n<meta name=\"twitter:label1\" content=\"Gesch\u00e4tzte Lesezeit\" \/>\n\t<meta name=\"twitter:data1\" content=\"1\u00a0Minute\" \/>\n<script type=\"application\/ld+json\" class=\"yoast-schema-graph\">{\"@context\":\"https:\/\/schema.org\",\"@graph\":[{\"@type\":\"WebPage\",\"@id\":\"https:\/\/schouwseduin.com\/de\/umgebung\/\",\"url\":\"https:\/\/schouwseduin.com\/de\/umgebung\/\",\"name\":\"umgebung - schouwseduin.com\",\"isPartOf\":{\"@id\":\"https:\/\/schouwseduin.com\/de\/#website\"},\"primaryImageOfPage\":{\"@id\":\"https:\/\/schouwseduin.com\/de\/umgebung\/#primaryimage\"},\"image\":{\"@id\":\"https:\/\/schouwseduin.com\/de\/umgebung\/#primaryimage\"},\"thumbnailUrl\":\"http:\/\/www.schouwseduin.com\/wp-content\/uploads\/2020\/04\/Blik-op-Oosterscheldekering-1024x685.jpg\",\"datePublished\":\"2020-04-08T19:21:10+00:00\",\"dateModified\":\"2020-04-08T20:10:12+00:00\",\"breadcrumb\":{\"@id\":\"https:\/\/schouwseduin.com\/de\/umgebung\/#breadcrumb\"},\"inLanguage\":\"de\",\"potentialAction\":[{\"@type\":\"ReadAction\",\"target\":[\"https:\/\/schouwseduin.com\/de\/umgebung\/\"]}]},{\"@type\":\"ImageObject\",\"inLanguage\":\"de\",\"@id\":\"https:\/\/schouwseduin.com\/de\/umgebung\/#primaryimage\",\"url\":\"http:\/\/www.schouwseduin.com\/wp-content\/uploads\/2020\/04\/Blik-op-Oosterscheldekering-1024x685.jpg\",\"contentUrl\":\"http:\/\/www.schouwseduin.com\/wp-content\/uploads\/2020\/04\/Blik-op-Oosterscheldekering-1024x685.jpg\"},{\"@type\":\"BreadcrumbList\",\"@id\":\"https:\/\/schouwseduin.com\/de\/umgebung\/#breadcrumb\",\"itemListElement\":[{\"@type\":\"ListItem\",\"position\":1,\"name\":\"Home\",\"item\":\"https:\/\/schouwseduin.com\/de\/\"},{\"@type\":\"ListItem\",\"position\":2,\"name\":\"umgebung\"}]},{\"@type\":\"WebSite\",\"@id\":\"https:\/\/schouwseduin.com\/de\/#website\",\"url\":\"https:\/\/schouwseduin.com\/de\/\",\"name\":\"schouwseduin.com\",\"description\":\"\",\"publisher\":{\"@id\":\"https:\/\/schouwseduin.com\/de\/#organization\"},\"potentialAction\":[{\"@type\":\"SearchAction\",\"target\":{\"@type\":\"EntryPoint\",\"urlTemplate\":\"https:\/\/schouwseduin.com\/de\/?s={search_term_string}\"},\"query-input\":{\"@type\":\"PropertyValueSpecification\",\"valueRequired\":true,\"valueName\":\"search_term_string\"}}],\"inLanguage\":\"de\"},{\"@type\":\"Organization\",\"@id\":\"https:\/\/schouwseduin.com\/de\/#organization\",\"name\":\"Schouwse Duin\",\"url\":\"https:\/\/schouwseduin.com\/de\/\",\"logo\":{\"@type\":\"ImageObject\",\"inLanguage\":\"de\",\"@id\":\"https:\/\/schouwseduin.com\/de\/#\/schema\/logo\/image\/\",\"url\":\"https:\/\/schouwseduin.com\/wp-content\/uploads\/2020\/04\/SchouwseDuinLogo-1.png\",\"contentUrl\":\"https:\/\/schouwseduin.com\/wp-content\/uploads\/2020\/04\/SchouwseDuinLogo-1.png\",\"width\":1393,\"height\":162,\"caption\":\"Schouwse Duin\"},\"image\":{\"@id\":\"https:\/\/schouwseduin.com\/de\/#\/schema\/logo\/image\/\"}}]}<\/script>\n<!-- \/ Yoast SEO plugin. -->","yoast_head_json":{"title":"umgebung - schouwseduin.com","robots":{"index":"index","follow":"follow","max-snippet":"max-snippet:-1","max-image-preview":"max-image-preview:large","max-video-preview":"max-video-preview:-1"},"canonical":"https:\/\/schouwseduin.com\/de\/umgebung\/","og_locale":"de_DE","og_type":"article","og_title":"umgebung - schouwseduin.com","og_description":"Das Haus ist eine perfekte Basis f\u00fcr einen herrlichen Urlaub im sonnigen Schouwen \u2013 Duiveland. Hier k\u00f6nnen Sie den breiten Nordseestrand mit dessen Strandpavillons genie\u00dfen, aber auch die D\u00fcnen (Zeepeduinen) und gro\u00dfen W\u00e4lder der F\u00f6rsterei \u2018Boswachterij Westenschouwen&#8216;. Spazierg\u00e4nge, Wanderungen oder &hellip; Read More","og_url":"https:\/\/schouwseduin.com\/de\/umgebung\/","og_site_name":"schouwseduin.com","article_modified_time":"2020-04-08T20:10:12+00:00","og_image":[{"url":"http:\/\/www.schouwseduin.com\/wp-content\/uploads\/2020\/04\/Blik-op-Oosterscheldekering-1024x685.jpg","type":"","width":"","height":""}],"twitter_card":"summary_large_image","twitter_misc":{"Gesch\u00e4tzte Lesezeit":"1\u00a0Minute"},"schema":{"@context":"https:\/\/schema.org","@graph":[{"@type":"WebPage","@id":"https:\/\/schouwseduin.com\/de\/umgebung\/","url":"https:\/\/schouwseduin.com\/de\/umgebung\/","name":"umgebung - schouwseduin.com","isPartOf":{"@id":"https:\/\/schouwseduin.com\/de\/#website"},"primaryImageOfPage":{"@id":"https:\/\/schouwseduin.com\/de\/umgebung\/#primaryimage"},"image":{"@id":"https:\/\/schouwseduin.com\/de\/umgebung\/#primaryimage"},"thumbnailUrl":"http:\/\/www.schouwseduin.com\/wp-content\/uploads\/2020\/04\/Blik-op-Oosterscheldekering-1024x685.jpg","datePublished":"2020-04-08T19:21:10+00:00","dateModified":"2020-04-08T20:10:12+00:00","breadcrumb":{"@id":"https:\/\/schouwseduin.com\/de\/umgebung\/#breadcrumb"},"inLanguage":"de","potentialAction":[{"@type":"ReadAction","target":["https:\/\/schouwseduin.com\/de\/umgebung\/"]}]},{"@type":"ImageObject","inLanguage":"de","@id":"https:\/\/schouwseduin.com\/de\/umgebung\/#primaryimage","url":"http:\/\/www.schouwseduin.com\/wp-content\/uploads\/2020\/04\/Blik-op-Oosterscheldekering-1024x685.jpg","contentUrl":"http:\/\/www.schouwseduin.com\/wp-content\/uploads\/2020\/04\/Blik-op-Oosterscheldekering-1024x685.jpg"},{"@type":"BreadcrumbList","@id":"https:\/\/schouwseduin.com\/de\/umgebung\/#breadcrumb","itemListElement":[{"@type":"ListItem","position":1,"name":"Home","item":"https:\/\/schouwseduin.com\/de\/"},{"@type":"ListItem","position":2,"name":"umgebung"}]},{"@type":"WebSite","@id":"https:\/\/schouwseduin.com\/de\/#website","url":"https:\/\/schouwseduin.com\/de\/","name":"schouwseduin.com","description":"","publisher":{"@id":"https:\/\/schouwseduin.com\/de\/#organization"},"potentialAction":[{"@type":"SearchAction","target":{"@type":"EntryPoint","urlTemplate":"https:\/\/schouwseduin.com\/de\/?s={search_term_string}"},"query-input":{"@type":"PropertyValueSpecification","valueRequired":true,"valueName":"search_term_string"}}],"inLanguage":"de"},{"@type":"Organization","@id":"https:\/\/schouwseduin.com\/de\/#organization","name":"Schouwse Duin","url":"https:\/\/schouwseduin.com\/de\/","logo":{"@type":"ImageObject","inLanguage":"de","@id":"https:\/\/schouwseduin.com\/de\/#\/schema\/logo\/image\/","url":"https:\/\/schouwseduin.com\/wp-content\/uploads\/2020\/04\/SchouwseDuinLogo-1.png","contentUrl":"https:\/\/schouwseduin.com\/wp-content\/uploads\/2020\/04\/SchouwseDuinLogo-1.png","width":1393,"height":162,"caption":"Schouwse Duin"},"image":{"@id":"https:\/\/schouwseduin.com\/de\/#\/schema\/logo\/image\/"}}]}},"_links":{"self":[{"href":"https:\/\/schouwseduin.com\/de\/wp-json\/wp\/v2\/pages\/708","targetHints":{"allow":["GET"]}}],"collection":[{"href":"https:\/\/schouwseduin.com\/de\/wp-json\/wp\/v2\/pages"}],"about":[{"href":"https:\/\/schouwseduin.com\/de\/wp-json\/wp\/v2\/types\/page"}],"author":[{"embeddable":true,"href":"https:\/\/schouwseduin.com\/de\/wp-json\/wp\/v2\/users\/1"}],"replies":[{"embeddable":true,"href":"https:\/\/schouwseduin.com\/de\/wp-json\/wp\/v2\/comments?post=708"}],"version-history":[{"count":8,"href":"https:\/\/schouwseduin.com\/de\/wp-json\/wp\/v2\/pages\/708\/revisions"}],"predecessor-version":[{"id":761,"href":"https:\/\/schouwseduin.com\/de\/wp-json\/wp\/v2\/pages\/708\/revisions\/761"}],"wp:attachment":[{"href":"https:\/\/schouwseduin.com\/de\/wp-json\/wp\/v2\/media?parent=708"}],"curies":[{"name":"wp","href":"https:\/\/api.w.org\/{rel}","templated":true}]}}