{"id":702,"date":"2020-04-08T19:11:51","date_gmt":"2020-04-08T19:11:51","guid":{"rendered":"http:\/\/www.schouwseduin.com\/?page_id=702"},"modified":"2020-04-08T20:08:57","modified_gmt":"2020-04-08T20:08:57","slug":"garten","status":"publish","type":"page","link":"https:\/\/schouwseduin.com\/de\/garten\/","title":{"rendered":"garten"},"content":{"rendered":"\t\t<div data-elementor-type=\"wp-page\" data-elementor-id=\"702\" class=\"elementor elementor-702 elementor-128\" data-elementor-post-type=\"page\">\n\t\t\t\t\t\t<section class=\"elementor-section elementor-top-section elementor-element elementor-element-b864c95 elementor-section-boxed elementor-section-height-default elementor-section-height-default\" data-id=\"b864c95\" data-element_type=\"section\" data-e-type=\"section\">\n\t\t\t\t\t\t<div class=\"elementor-container elementor-column-gap-default\">\n\t\t\t\t\t<div class=\"elementor-column elementor-col-33 elementor-top-column elementor-element elementor-element-b6a11e1\" data-id=\"b6a11e1\" data-element_type=\"column\" data-e-type=\"column\">\n\t\t\t<div class=\"elementor-widget-wrap elementor-element-populated\">\n\t\t\t\t\t\t<div class=\"elementor-element elementor-element-2c98efb elementor-widget elementor-widget-text-editor\" data-id=\"2c98efb\" data-element_type=\"widget\" data-e-type=\"widget\" data-widget_type=\"text-editor.default\">\n\t\t\t\t<div class=\"elementor-widget-container\">\n\t\t\t\t\t\t\t\t\t<p>Der pr\u00e4chtige Garten (ca. 750 qm) mit diversen alten B\u00e4umen hat mehrere Terrassen, selbstverst\u00e4ndlich mit Gartenm\u00f6beln. Der komplett eingezaunten und von B\u00e4umen und Str\u00e4uchern umgebenen Garten ist ideal f\u00fcr kleinere Kinder, und er bietet viel Sonne, aber auch ausreichend Schatten. F\u00fcr die Sonnenanbeter stehen Liegest\u00fchle bereit.<br \/><br \/>Im Ger\u00e4teschuppen stehen 4 Fahrr\u00e4der zu Ihrer Verf\u00fcgung. F\u00fcr die Kleinen haben wir zwei Kindersitze. Ausserdem steht dort der Bolderwagen, ideal f\u00fcr den Transport der Strandutensilien und der Kinder. Dort steht auch der Grill!<\/p><p>Kurzum: Platz genug und eine Oase der Ruhe!<\/p>\t\t\t\t\t\t\t\t<\/div>\n\t\t\t\t<\/div>\n\t\t\t\t\t<\/div>\n\t\t<\/div>\n\t\t\t\t<div class=\"elementor-column elementor-col-66 elementor-top-column elementor-element elementor-element-ed16dfc\" data-id=\"ed16dfc\" data-element_type=\"column\" data-e-type=\"column\">\n\t\t\t<div class=\"elementor-widget-wrap elementor-element-populated\">\n\t\t\t\t\t\t<div class=\"elementor-element elementor-element-b5752d7 elementor-widget elementor-widget-image\" data-id=\"b5752d7\" data-element_type=\"widget\" data-e-type=\"widget\" data-widget_type=\"image.default\">\n\t\t\t\t<div class=\"elementor-widget-container\">\n\t\t\t\t\t\t\t\t\t\t\t\t<figure class=\"wp-caption\">\n\t\t\t\t\t\t\t\t\t\t<img fetchpriority=\"high\" decoding=\"async\" width=\"768\" height=\"514\" src=\"https:\/\/schouwseduin.com\/wp-content\/uploads\/2020\/03\/Tuin-768x514.jpg\" class=\"attachment-medium_large size-medium_large wp-image-1076\" alt=\"\" srcset=\"https:\/\/schouwseduin.com\/wp-content\/uploads\/2020\/03\/Tuin-768x514.jpg 768w, https:\/\/schouwseduin.com\/wp-content\/uploads\/2020\/03\/Tuin-300x201.jpg 300w, https:\/\/schouwseduin.com\/wp-content\/uploads\/2020\/03\/Tuin-1024x685.jpg 1024w, https:\/\/schouwseduin.com\/wp-content\/uploads\/2020\/03\/Tuin-1536x1028.jpg 1536w, https:\/\/schouwseduin.com\/wp-content\/uploads\/2020\/03\/Tuin-2048x1371.jpg 2048w, https:\/\/schouwseduin.com\/wp-content\/uploads\/2020\/03\/Tuin-66x44.jpg 66w, https:\/\/schouwseduin.com\/wp-content\/uploads\/2020\/03\/Tuin-120x80.jpg 120w, https:\/\/schouwseduin.com\/wp-content\/uploads\/2020\/03\/Tuin-394x264.jpg 394w, https:\/\/schouwseduin.com\/wp-content\/uploads\/2020\/03\/Tuin-915x613.jpg 915w, https:\/\/schouwseduin.com\/wp-content\/uploads\/2020\/03\/Tuin-1240x830.jpg 1240w, https:\/\/schouwseduin.com\/wp-content\/uploads\/2020\/03\/Tuin-1613x1080.jpg 1613w\" sizes=\"(max-width: 768px) 100vw, 768px\" \/>\t\t\t\t\t\t\t\t\t\t\t<figcaption class=\"widget-image-caption wp-caption-text\"><\/figcaption>\n\t\t\t\t\t\t\t\t\t\t<\/figure>\n\t\t\t\t\t\t\t\t\t<\/div>\n\t\t\t\t<\/div>\n\t\t\t\t\t<\/div>\n\t\t<\/div>\n\t\t\t\t\t<\/div>\n\t\t<\/section>\n\t\t\t\t<section class=\"elementor-section elementor-top-section elementor-element elementor-element-e3f94fc elementor-section-boxed elementor-section-height-default elementor-section-height-default\" data-id=\"e3f94fc\" data-element_type=\"section\" data-e-type=\"section\">\n\t\t\t\t\t\t<div class=\"elementor-container elementor-column-gap-default\">\n\t\t\t\t\t<div class=\"elementor-column elementor-col-100 elementor-top-column elementor-element elementor-element-c42e8ac\" data-id=\"c42e8ac\" data-element_type=\"column\" data-e-type=\"column\">\n\t\t\t<div class=\"elementor-widget-wrap elementor-element-populated\">\n\t\t\t\t\t\t<div class=\"elementor-element elementor-element-1da6207 elementor-widget elementor-widget-themo-call-to-action\" data-id=\"1da6207\" data-element_type=\"widget\" data-e-type=\"widget\" data-widget_type=\"themo-call-to-action.default\">\n\t\t\t\t<div class=\"elementor-widget-container\">\n\t\t\t\t\t\t\t<div class=\"th-cta\">\n\t\t\t\t\t        <div class=\"th-cta-text\">\n\t\t            <span>verf\u00fcgbarkeit pr\u00fcfen<\/span>\n\t\t        <\/div>\n\t\t    \n                        <div class=\"th-cta-btn\">\n\n                                    <a class=\"btn-1 btn th-btn btn-standard-primary\" href=\"http:\/\/www.schouwseduin.com\/de\/reservieren\">\n                                                    kalender                                            <\/a>\n                \n                            <\/div>\n            \t\t<\/div>\n\t\t\t\t\t\t<\/div>\n\t\t\t\t<\/div>\n\t\t\t\t\t<\/div>\n\t\t<\/div>\n\t\t\t\t\t<\/div>\n\t\t<\/section>\n\t\t\t\t<\/div>\n\t\t","protected":false},"excerpt":{"rendered":"<p>Der pr\u00e4chtige Garten (ca. 750 qm) mit diversen alten B\u00e4umen hat mehrere Terrassen, selbstverst\u00e4ndlich mit Gartenm\u00f6beln. Der komplett eingezaunten und von B\u00e4umen und Str\u00e4uchern umgebenen Garten ist ideal f\u00fcr kleinere Kinder, und er bietet viel Sonne, aber auch ausreichend Schatten. &hellip; <a href=\"https:\/\/schouwseduin.com\/de\/garten\/\">Read More<\/a><\/p>\n","protected":false},"author":1,"featured_media":0,"parent":0,"menu_order":0,"comment_status":"closed","ping_status":"closed","template":"","meta":{"footnotes":""},"class_list":["post-702","page","type-page","status-publish","hentry"],"yoast_head":"<!-- This site is optimized with the Yoast SEO plugin v26.9 - https:\/\/yoast.com\/product\/yoast-seo-wordpress\/ -->\n<title>garten - schouwseduin.com<\/title>\n<meta name=\"robots\" content=\"index, follow, max-snippet:-1, max-image-preview:large, max-video-preview:-1\" \/>\n<link rel=\"canonical\" href=\"https:\/\/schouwseduin.com\/de\/garten\/\" \/>\n<meta property=\"og:locale\" content=\"de_DE\" \/>\n<meta property=\"og:type\" content=\"article\" \/>\n<meta property=\"og:title\" content=\"garten - schouwseduin.com\" \/>\n<meta property=\"og:description\" content=\"Der pr\u00e4chtige Garten (ca. 750 qm) mit diversen alten B\u00e4umen hat mehrere Terrassen, selbstverst\u00e4ndlich mit Gartenm\u00f6beln. Der komplett eingezaunten und von B\u00e4umen und Str\u00e4uchern umgebenen Garten ist ideal f\u00fcr kleinere Kinder, und er bietet viel Sonne, aber auch ausreichend Schatten. &hellip; Read More\" \/>\n<meta property=\"og:url\" content=\"https:\/\/schouwseduin.com\/de\/garten\/\" \/>\n<meta property=\"og:site_name\" content=\"schouwseduin.com\" \/>\n<meta property=\"article:modified_time\" content=\"2020-04-08T20:08:57+00:00\" \/>\n<meta property=\"og:image\" content=\"http:\/\/www.schouwseduin.com\/wp-content\/uploads\/2020\/03\/Tuin-768x514.jpg\" \/>\n<meta name=\"twitter:card\" content=\"summary_large_image\" \/>\n<meta name=\"twitter:label1\" content=\"Gesch\u00e4tzte Lesezeit\" \/>\n\t<meta name=\"twitter:data1\" content=\"1\u00a0Minute\" \/>\n<script type=\"application\/ld+json\" class=\"yoast-schema-graph\">{\"@context\":\"https:\/\/schema.org\",\"@graph\":[{\"@type\":\"WebPage\",\"@id\":\"https:\/\/schouwseduin.com\/de\/garten\/\",\"url\":\"https:\/\/schouwseduin.com\/de\/garten\/\",\"name\":\"garten - schouwseduin.com\",\"isPartOf\":{\"@id\":\"https:\/\/schouwseduin.com\/de\/#website\"},\"primaryImageOfPage\":{\"@id\":\"https:\/\/schouwseduin.com\/de\/garten\/#primaryimage\"},\"image\":{\"@id\":\"https:\/\/schouwseduin.com\/de\/garten\/#primaryimage\"},\"thumbnailUrl\":\"http:\/\/www.schouwseduin.com\/wp-content\/uploads\/2020\/03\/Tuin-768x514.jpg\",\"datePublished\":\"2020-04-08T19:11:51+00:00\",\"dateModified\":\"2020-04-08T20:08:57+00:00\",\"breadcrumb\":{\"@id\":\"https:\/\/schouwseduin.com\/de\/garten\/#breadcrumb\"},\"inLanguage\":\"de\",\"potentialAction\":[{\"@type\":\"ReadAction\",\"target\":[\"https:\/\/schouwseduin.com\/de\/garten\/\"]}]},{\"@type\":\"ImageObject\",\"inLanguage\":\"de\",\"@id\":\"https:\/\/schouwseduin.com\/de\/garten\/#primaryimage\",\"url\":\"http:\/\/www.schouwseduin.com\/wp-content\/uploads\/2020\/03\/Tuin-768x514.jpg\",\"contentUrl\":\"http:\/\/www.schouwseduin.com\/wp-content\/uploads\/2020\/03\/Tuin-768x514.jpg\"},{\"@type\":\"BreadcrumbList\",\"@id\":\"https:\/\/schouwseduin.com\/de\/garten\/#breadcrumb\",\"itemListElement\":[{\"@type\":\"ListItem\",\"position\":1,\"name\":\"Home\",\"item\":\"https:\/\/schouwseduin.com\/de\/\"},{\"@type\":\"ListItem\",\"position\":2,\"name\":\"garten\"}]},{\"@type\":\"WebSite\",\"@id\":\"https:\/\/schouwseduin.com\/de\/#website\",\"url\":\"https:\/\/schouwseduin.com\/de\/\",\"name\":\"schouwseduin.com\",\"description\":\"\",\"publisher\":{\"@id\":\"https:\/\/schouwseduin.com\/de\/#organization\"},\"potentialAction\":[{\"@type\":\"SearchAction\",\"target\":{\"@type\":\"EntryPoint\",\"urlTemplate\":\"https:\/\/schouwseduin.com\/de\/?s={search_term_string}\"},\"query-input\":{\"@type\":\"PropertyValueSpecification\",\"valueRequired\":true,\"valueName\":\"search_term_string\"}}],\"inLanguage\":\"de\"},{\"@type\":\"Organization\",\"@id\":\"https:\/\/schouwseduin.com\/de\/#organization\",\"name\":\"Schouwse Duin\",\"url\":\"https:\/\/schouwseduin.com\/de\/\",\"logo\":{\"@type\":\"ImageObject\",\"inLanguage\":\"de\",\"@id\":\"https:\/\/schouwseduin.com\/de\/#\/schema\/logo\/image\/\",\"url\":\"https:\/\/schouwseduin.com\/wp-content\/uploads\/2020\/04\/SchouwseDuinLogo-1.png\",\"contentUrl\":\"https:\/\/schouwseduin.com\/wp-content\/uploads\/2020\/04\/SchouwseDuinLogo-1.png\",\"width\":1393,\"height\":162,\"caption\":\"Schouwse Duin\"},\"image\":{\"@id\":\"https:\/\/schouwseduin.com\/de\/#\/schema\/logo\/image\/\"}}]}<\/script>\n<!-- \/ Yoast SEO plugin. -->","yoast_head_json":{"title":"garten - schouwseduin.com","robots":{"index":"index","follow":"follow","max-snippet":"max-snippet:-1","max-image-preview":"max-image-preview:large","max-video-preview":"max-video-preview:-1"},"canonical":"https:\/\/schouwseduin.com\/de\/garten\/","og_locale":"de_DE","og_type":"article","og_title":"garten - schouwseduin.com","og_description":"Der pr\u00e4chtige Garten (ca. 750 qm) mit diversen alten B\u00e4umen hat mehrere Terrassen, selbstverst\u00e4ndlich mit Gartenm\u00f6beln. Der komplett eingezaunten und von B\u00e4umen und Str\u00e4uchern umgebenen Garten ist ideal f\u00fcr kleinere Kinder, und er bietet viel Sonne, aber auch ausreichend Schatten. &hellip; Read More","og_url":"https:\/\/schouwseduin.com\/de\/garten\/","og_site_name":"schouwseduin.com","article_modified_time":"2020-04-08T20:08:57+00:00","og_image":[{"url":"http:\/\/www.schouwseduin.com\/wp-content\/uploads\/2020\/03\/Tuin-768x514.jpg","type":"","width":"","height":""}],"twitter_card":"summary_large_image","twitter_misc":{"Gesch\u00e4tzte Lesezeit":"1\u00a0Minute"},"schema":{"@context":"https:\/\/schema.org","@graph":[{"@type":"WebPage","@id":"https:\/\/schouwseduin.com\/de\/garten\/","url":"https:\/\/schouwseduin.com\/de\/garten\/","name":"garten - schouwseduin.com","isPartOf":{"@id":"https:\/\/schouwseduin.com\/de\/#website"},"primaryImageOfPage":{"@id":"https:\/\/schouwseduin.com\/de\/garten\/#primaryimage"},"image":{"@id":"https:\/\/schouwseduin.com\/de\/garten\/#primaryimage"},"thumbnailUrl":"http:\/\/www.schouwseduin.com\/wp-content\/uploads\/2020\/03\/Tuin-768x514.jpg","datePublished":"2020-04-08T19:11:51+00:00","dateModified":"2020-04-08T20:08:57+00:00","breadcrumb":{"@id":"https:\/\/schouwseduin.com\/de\/garten\/#breadcrumb"},"inLanguage":"de","potentialAction":[{"@type":"ReadAction","target":["https:\/\/schouwseduin.com\/de\/garten\/"]}]},{"@type":"ImageObject","inLanguage":"de","@id":"https:\/\/schouwseduin.com\/de\/garten\/#primaryimage","url":"http:\/\/www.schouwseduin.com\/wp-content\/uploads\/2020\/03\/Tuin-768x514.jpg","contentUrl":"http:\/\/www.schouwseduin.com\/wp-content\/uploads\/2020\/03\/Tuin-768x514.jpg"},{"@type":"BreadcrumbList","@id":"https:\/\/schouwseduin.com\/de\/garten\/#breadcrumb","itemListElement":[{"@type":"ListItem","position":1,"name":"Home","item":"https:\/\/schouwseduin.com\/de\/"},{"@type":"ListItem","position":2,"name":"garten"}]},{"@type":"WebSite","@id":"https:\/\/schouwseduin.com\/de\/#website","url":"https:\/\/schouwseduin.com\/de\/","name":"schouwseduin.com","description":"","publisher":{"@id":"https:\/\/schouwseduin.com\/de\/#organization"},"potentialAction":[{"@type":"SearchAction","target":{"@type":"EntryPoint","urlTemplate":"https:\/\/schouwseduin.com\/de\/?s={search_term_string}"},"query-input":{"@type":"PropertyValueSpecification","valueRequired":true,"valueName":"search_term_string"}}],"inLanguage":"de"},{"@type":"Organization","@id":"https:\/\/schouwseduin.com\/de\/#organization","name":"Schouwse Duin","url":"https:\/\/schouwseduin.com\/de\/","logo":{"@type":"ImageObject","inLanguage":"de","@id":"https:\/\/schouwseduin.com\/de\/#\/schema\/logo\/image\/","url":"https:\/\/schouwseduin.com\/wp-content\/uploads\/2020\/04\/SchouwseDuinLogo-1.png","contentUrl":"https:\/\/schouwseduin.com\/wp-content\/uploads\/2020\/04\/SchouwseDuinLogo-1.png","width":1393,"height":162,"caption":"Schouwse Duin"},"image":{"@id":"https:\/\/schouwseduin.com\/de\/#\/schema\/logo\/image\/"}}]}},"_links":{"self":[{"href":"https:\/\/schouwseduin.com\/de\/wp-json\/wp\/v2\/pages\/702","targetHints":{"allow":["GET"]}}],"collection":[{"href":"https:\/\/schouwseduin.com\/de\/wp-json\/wp\/v2\/pages"}],"about":[{"href":"https:\/\/schouwseduin.com\/de\/wp-json\/wp\/v2\/types\/page"}],"author":[{"embeddable":true,"href":"https:\/\/schouwseduin.com\/de\/wp-json\/wp\/v2\/users\/1"}],"replies":[{"embeddable":true,"href":"https:\/\/schouwseduin.com\/de\/wp-json\/wp\/v2\/comments?post=702"}],"version-history":[{"count":6,"href":"https:\/\/schouwseduin.com\/de\/wp-json\/wp\/v2\/pages\/702\/revisions"}],"predecessor-version":[{"id":760,"href":"https:\/\/schouwseduin.com\/de\/wp-json\/wp\/v2\/pages\/702\/revisions\/760"}],"wp:attachment":[{"href":"https:\/\/schouwseduin.com\/de\/wp-json\/wp\/v2\/media?parent=702"}],"curies":[{"name":"wp","href":"https:\/\/api.w.org\/{rel}","templated":true}]}}