{"id":628,"date":"2020-04-06T20:17:08","date_gmt":"2020-04-06T20:17:08","guid":{"rendered":"http:\/\/www.schouwseduin.com\/?page_id=628"},"modified":"2020-05-08T18:29:34","modified_gmt":"2020-05-08T18:29:34","slug":"corona-2","status":"publish","type":"page","link":"https:\/\/schouwseduin.com\/de\/corona-2\/","title":{"rendered":"corona"},"content":{"rendered":"\t\t<div data-elementor-type=\"wp-page\" data-elementor-id=\"628\" class=\"elementor elementor-628 elementor-601\" data-elementor-post-type=\"page\">\n\t\t\t\t\t\t<section class=\"elementor-section elementor-top-section elementor-element elementor-element-9cafd3e elementor-section-boxed elementor-section-height-default elementor-section-height-default\" data-id=\"9cafd3e\" data-element_type=\"section\" data-e-type=\"section\">\n\t\t\t\t\t\t<div class=\"elementor-container elementor-column-gap-default\">\n\t\t\t\t\t<div class=\"elementor-column elementor-col-100 elementor-top-column elementor-element elementor-element-bbec49c\" data-id=\"bbec49c\" data-element_type=\"column\" data-e-type=\"column\">\n\t\t\t<div class=\"elementor-widget-wrap elementor-element-populated\">\n\t\t\t\t\t\t<div class=\"elementor-element elementor-element-cd6d2fd elementor-widget elementor-widget-text-editor\" data-id=\"cd6d2fd\" data-element_type=\"widget\" data-e-type=\"widget\" data-widget_type=\"text-editor.default\">\n\t\t\t\t<div class=\"elementor-widget-container\">\n\t\t\t\t\t\t\t\t\t<p>Sehr geehrte G\u00e4ste,<\/p><p>Wir hoffen, dass Sie gesund sind und gesund bleiben. Das ist das Wichtigste. In diesen merkw\u00fcrdigen Zeiten beobachten wir nat\u00fcrlich die Entwicklungen im Zusammenhang mit dem COVID-Virus genau und folgen den Richtlinien der niederl\u00e4ndischen Regierung. Die Sicherheitszone von Zeeland (VRZ) hat festgelegt, dass touristische \u00dcbernachtungen bis zum 15. Mai nicht erlaubt sind. Dieses Datum kann zu einem sp\u00e4teren Zeitpunkt ge\u00e4ndert werden.<\/p><p>Leider bedeutet dies, dass wir unser Haus bis dahin nicht vermieten d\u00fcrfen. Wenn Sie unser Haus mit Anreisetag vor dem 15. Mai gebucht haben, erhalten Sie einen Gutschein in H\u00f6he der erhaltenen Reisesumme. Wir werden gemeinsam besprechen, wann Sie den Gutschein umtauschen wollen; dann kann es im n\u00e4chsten oder \u00fcbern\u00e4chsten Jahr sein.<\/p><p>Haben Sie eine Reservierung mit Ankunft nach dem 15. Mai? Dann gelten unsere Standardbedingungen.<\/p><p>Passen Sie auf sich und die andere Person auf. Wir hoffen, Sie bald im sch\u00f6nen Zeeland zu sehen.<\/p><p>Nathalie Rauscher &amp; Wouter Landa<\/p>\t\t\t\t\t\t\t\t<\/div>\n\t\t\t\t<\/div>\n\t\t\t\t\t<\/div>\n\t\t<\/div>\n\t\t\t\t\t<\/div>\n\t\t<\/section>\n\t\t\t\t<\/div>\n\t\t","protected":false},"excerpt":{"rendered":"<p>Sehr geehrte G\u00e4ste, Wir hoffen, dass Sie gesund sind und gesund bleiben. Das ist das Wichtigste. In diesen merkw\u00fcrdigen Zeiten beobachten wir nat\u00fcrlich die Entwicklungen im Zusammenhang mit dem COVID-Virus genau und folgen den Richtlinien der niederl\u00e4ndischen Regierung. Die Sicherheitszone &hellip; <a href=\"https:\/\/schouwseduin.com\/de\/corona-2\/\">Read More<\/a><\/p>\n","protected":false},"author":1,"featured_media":0,"parent":0,"menu_order":0,"comment_status":"closed","ping_status":"closed","template":"","meta":{"footnotes":""},"class_list":["post-628","page","type-page","status-publish","hentry"],"yoast_head":"<!-- This site is optimized with the Yoast SEO plugin v26.9 - https:\/\/yoast.com\/product\/yoast-seo-wordpress\/ -->\n<title>corona - schouwseduin.com<\/title>\n<meta name=\"robots\" content=\"index, follow, max-snippet:-1, max-image-preview:large, max-video-preview:-1\" \/>\n<link rel=\"canonical\" href=\"https:\/\/schouwseduin.com\/de\/corona-2\/\" \/>\n<meta property=\"og:locale\" content=\"de_DE\" \/>\n<meta property=\"og:type\" content=\"article\" \/>\n<meta property=\"og:title\" content=\"corona - schouwseduin.com\" \/>\n<meta property=\"og:description\" content=\"Sehr geehrte G\u00e4ste, Wir hoffen, dass Sie gesund sind und gesund bleiben. Das ist das Wichtigste. In diesen merkw\u00fcrdigen Zeiten beobachten wir nat\u00fcrlich die Entwicklungen im Zusammenhang mit dem COVID-Virus genau und folgen den Richtlinien der niederl\u00e4ndischen Regierung. Die Sicherheitszone &hellip; Read More\" \/>\n<meta property=\"og:url\" content=\"https:\/\/schouwseduin.com\/de\/corona-2\/\" \/>\n<meta property=\"og:site_name\" content=\"schouwseduin.com\" \/>\n<meta property=\"article:modified_time\" content=\"2020-05-08T18:29:34+00:00\" \/>\n<meta name=\"twitter:card\" content=\"summary_large_image\" \/>\n<meta name=\"twitter:label1\" content=\"Gesch\u00e4tzte Lesezeit\" \/>\n\t<meta name=\"twitter:data1\" content=\"1\u00a0Minute\" \/>\n<script type=\"application\/ld+json\" class=\"yoast-schema-graph\">{\"@context\":\"https:\/\/schema.org\",\"@graph\":[{\"@type\":\"WebPage\",\"@id\":\"https:\/\/schouwseduin.com\/de\/corona-2\/\",\"url\":\"https:\/\/schouwseduin.com\/de\/corona-2\/\",\"name\":\"corona - schouwseduin.com\",\"isPartOf\":{\"@id\":\"https:\/\/schouwseduin.com\/de\/#website\"},\"datePublished\":\"2020-04-06T20:17:08+00:00\",\"dateModified\":\"2020-05-08T18:29:34+00:00\",\"breadcrumb\":{\"@id\":\"https:\/\/schouwseduin.com\/de\/corona-2\/#breadcrumb\"},\"inLanguage\":\"de\",\"potentialAction\":[{\"@type\":\"ReadAction\",\"target\":[\"https:\/\/schouwseduin.com\/de\/corona-2\/\"]}]},{\"@type\":\"BreadcrumbList\",\"@id\":\"https:\/\/schouwseduin.com\/de\/corona-2\/#breadcrumb\",\"itemListElement\":[{\"@type\":\"ListItem\",\"position\":1,\"name\":\"Home\",\"item\":\"https:\/\/schouwseduin.com\/de\/\"},{\"@type\":\"ListItem\",\"position\":2,\"name\":\"corona\"}]},{\"@type\":\"WebSite\",\"@id\":\"https:\/\/schouwseduin.com\/de\/#website\",\"url\":\"https:\/\/schouwseduin.com\/de\/\",\"name\":\"schouwseduin.com\",\"description\":\"\",\"publisher\":{\"@id\":\"https:\/\/schouwseduin.com\/de\/#organization\"},\"potentialAction\":[{\"@type\":\"SearchAction\",\"target\":{\"@type\":\"EntryPoint\",\"urlTemplate\":\"https:\/\/schouwseduin.com\/de\/?s={search_term_string}\"},\"query-input\":{\"@type\":\"PropertyValueSpecification\",\"valueRequired\":true,\"valueName\":\"search_term_string\"}}],\"inLanguage\":\"de\"},{\"@type\":\"Organization\",\"@id\":\"https:\/\/schouwseduin.com\/de\/#organization\",\"name\":\"Schouwse Duin\",\"url\":\"https:\/\/schouwseduin.com\/de\/\",\"logo\":{\"@type\":\"ImageObject\",\"inLanguage\":\"de\",\"@id\":\"https:\/\/schouwseduin.com\/de\/#\/schema\/logo\/image\/\",\"url\":\"https:\/\/schouwseduin.com\/wp-content\/uploads\/2020\/04\/SchouwseDuinLogo-1.png\",\"contentUrl\":\"https:\/\/schouwseduin.com\/wp-content\/uploads\/2020\/04\/SchouwseDuinLogo-1.png\",\"width\":1393,\"height\":162,\"caption\":\"Schouwse Duin\"},\"image\":{\"@id\":\"https:\/\/schouwseduin.com\/de\/#\/schema\/logo\/image\/\"}}]}<\/script>\n<!-- \/ Yoast SEO plugin. -->","yoast_head_json":{"title":"corona - schouwseduin.com","robots":{"index":"index","follow":"follow","max-snippet":"max-snippet:-1","max-image-preview":"max-image-preview:large","max-video-preview":"max-video-preview:-1"},"canonical":"https:\/\/schouwseduin.com\/de\/corona-2\/","og_locale":"de_DE","og_type":"article","og_title":"corona - schouwseduin.com","og_description":"Sehr geehrte G\u00e4ste, Wir hoffen, dass Sie gesund sind und gesund bleiben. Das ist das Wichtigste. In diesen merkw\u00fcrdigen Zeiten beobachten wir nat\u00fcrlich die Entwicklungen im Zusammenhang mit dem COVID-Virus genau und folgen den Richtlinien der niederl\u00e4ndischen Regierung. Die Sicherheitszone &hellip; Read More","og_url":"https:\/\/schouwseduin.com\/de\/corona-2\/","og_site_name":"schouwseduin.com","article_modified_time":"2020-05-08T18:29:34+00:00","twitter_card":"summary_large_image","twitter_misc":{"Gesch\u00e4tzte Lesezeit":"1\u00a0Minute"},"schema":{"@context":"https:\/\/schema.org","@graph":[{"@type":"WebPage","@id":"https:\/\/schouwseduin.com\/de\/corona-2\/","url":"https:\/\/schouwseduin.com\/de\/corona-2\/","name":"corona - schouwseduin.com","isPartOf":{"@id":"https:\/\/schouwseduin.com\/de\/#website"},"datePublished":"2020-04-06T20:17:08+00:00","dateModified":"2020-05-08T18:29:34+00:00","breadcrumb":{"@id":"https:\/\/schouwseduin.com\/de\/corona-2\/#breadcrumb"},"inLanguage":"de","potentialAction":[{"@type":"ReadAction","target":["https:\/\/schouwseduin.com\/de\/corona-2\/"]}]},{"@type":"BreadcrumbList","@id":"https:\/\/schouwseduin.com\/de\/corona-2\/#breadcrumb","itemListElement":[{"@type":"ListItem","position":1,"name":"Home","item":"https:\/\/schouwseduin.com\/de\/"},{"@type":"ListItem","position":2,"name":"corona"}]},{"@type":"WebSite","@id":"https:\/\/schouwseduin.com\/de\/#website","url":"https:\/\/schouwseduin.com\/de\/","name":"schouwseduin.com","description":"","publisher":{"@id":"https:\/\/schouwseduin.com\/de\/#organization"},"potentialAction":[{"@type":"SearchAction","target":{"@type":"EntryPoint","urlTemplate":"https:\/\/schouwseduin.com\/de\/?s={search_term_string}"},"query-input":{"@type":"PropertyValueSpecification","valueRequired":true,"valueName":"search_term_string"}}],"inLanguage":"de"},{"@type":"Organization","@id":"https:\/\/schouwseduin.com\/de\/#organization","name":"Schouwse Duin","url":"https:\/\/schouwseduin.com\/de\/","logo":{"@type":"ImageObject","inLanguage":"de","@id":"https:\/\/schouwseduin.com\/de\/#\/schema\/logo\/image\/","url":"https:\/\/schouwseduin.com\/wp-content\/uploads\/2020\/04\/SchouwseDuinLogo-1.png","contentUrl":"https:\/\/schouwseduin.com\/wp-content\/uploads\/2020\/04\/SchouwseDuinLogo-1.png","width":1393,"height":162,"caption":"Schouwse Duin"},"image":{"@id":"https:\/\/schouwseduin.com\/de\/#\/schema\/logo\/image\/"}}]}},"_links":{"self":[{"href":"https:\/\/schouwseduin.com\/de\/wp-json\/wp\/v2\/pages\/628","targetHints":{"allow":["GET"]}}],"collection":[{"href":"https:\/\/schouwseduin.com\/de\/wp-json\/wp\/v2\/pages"}],"about":[{"href":"https:\/\/schouwseduin.com\/de\/wp-json\/wp\/v2\/types\/page"}],"author":[{"embeddable":true,"href":"https:\/\/schouwseduin.com\/de\/wp-json\/wp\/v2\/users\/1"}],"replies":[{"embeddable":true,"href":"https:\/\/schouwseduin.com\/de\/wp-json\/wp\/v2\/comments?post=628"}],"version-history":[{"count":5,"href":"https:\/\/schouwseduin.com\/de\/wp-json\/wp\/v2\/pages\/628\/revisions"}],"predecessor-version":[{"id":878,"href":"https:\/\/schouwseduin.com\/de\/wp-json\/wp\/v2\/pages\/628\/revisions\/878"}],"wp:attachment":[{"href":"https:\/\/schouwseduin.com\/de\/wp-json\/wp\/v2\/media?parent=628"}],"curies":[{"name":"wp","href":"https:\/\/api.w.org\/{rel}","templated":true}]}}