{"id":234,"date":"2020-04-01T04:48:16","date_gmt":"2020-04-01T04:48:16","guid":{"rendered":"http:\/\/www.schouwseduin.com\/?page_id=234"},"modified":"2020-06-06T11:22:38","modified_gmt":"2020-06-06T11:22:38","slug":"welkom","status":"publish","type":"page","link":"https:\/\/schouwseduin.com\/de\/","title":{"rendered":"willkommen"},"content":{"rendered":"\t\t<div data-elementor-type=\"wp-page\" data-elementor-id=\"234\" class=\"elementor elementor-234 elementor-2\" data-elementor-post-type=\"page\">\n\t\t\t\t\t\t<section class=\"elementor-section elementor-top-section elementor-element elementor-element-76a7e71 elementor-section-boxed elementor-section-height-default elementor-section-height-default\" data-id=\"76a7e71\" data-element_type=\"section\" data-e-type=\"section\">\n\t\t\t\t\t\t<div class=\"elementor-container elementor-column-gap-default\">\n\t\t\t\t\t<div class=\"elementor-column elementor-col-100 elementor-top-column elementor-element elementor-element-45374f9\" data-id=\"45374f9\" data-element_type=\"column\" data-e-type=\"column\">\n\t\t\t<div class=\"elementor-widget-wrap elementor-element-populated\">\n\t\t\t\t\t\t<div class=\"elementor-element elementor-element-ce62400 elementor-widget elementor-widget-heading\" data-id=\"ce62400\" data-element_type=\"widget\" data-e-type=\"widget\" data-widget_type=\"heading.default\">\n\t\t\t\t<div class=\"elementor-widget-container\">\n\t\t\t\t\t<h2 class=\"elementor-heading-title elementor-size-xxl\">willkommen<\/h2>\t\t\t\t<\/div>\n\t\t\t\t<\/div>\n\t\t\t\t<div class=\"elementor-element elementor-element-acc5be7 elementor-widget elementor-widget-text-editor\" data-id=\"acc5be7\" data-element_type=\"widget\" data-e-type=\"widget\" data-widget_type=\"text-editor.default\">\n\t\t\t\t<div class=\"elementor-widget-container\">\n\t\t\t\t\t\t\t\t\t<p>In direkter Nachbarschaft des Naturgebietes \u2018De Zeepeduinen\u2019 und der F\u00f6rsterei \u2018Westenschouwen\u2019 steht auf dem Gel\u00e4nde des kleinen und ruhigen Villaparks \u2018Het Schouwse Duin\u2019 unsere sch\u00f6ne und komfortable Villa. Sie liegt am Rand des Parks, und Sie k\u00f6nnen aus dem Garten zu Fu\u00df direkt das pr\u00e4chtige Naturgebiet \u2018De Zeepeduinen\u2018 erreichen.<br \/><br \/><\/p>\t\t\t\t\t\t\t\t<\/div>\n\t\t\t\t<\/div>\n\t\t\t\t\t<\/div>\n\t\t<\/div>\n\t\t\t\t\t<\/div>\n\t\t<\/section>\n\t\t\t\t<section class=\"elementor-section elementor-top-section elementor-element elementor-element-cbedd15 elementor-section-boxed elementor-section-height-default elementor-section-height-default\" data-id=\"cbedd15\" data-element_type=\"section\" data-e-type=\"section\">\n\t\t\t\t\t\t<div class=\"elementor-container elementor-column-gap-default\">\n\t\t\t\t\t<div class=\"elementor-column elementor-col-66 elementor-top-column elementor-element elementor-element-7eda74f\" data-id=\"7eda74f\" data-element_type=\"column\" data-e-type=\"column\">\n\t\t\t<div class=\"elementor-widget-wrap elementor-element-populated\">\n\t\t\t\t\t\t<div class=\"elementor-element elementor-element-73c6b08 elementor-widget elementor-widget-image\" data-id=\"73c6b08\" data-element_type=\"widget\" data-e-type=\"widget\" data-widget_type=\"image.default\">\n\t\t\t\t<div class=\"elementor-widget-container\">\n\t\t\t\t\t\t\t\t\t\t\t\t\t\t\t<img fetchpriority=\"high\" decoding=\"async\" width=\"1024\" height=\"685\" src=\"https:\/\/schouwseduin.com\/wp-content\/uploads\/2020\/04\/Huis-1024x685.jpg\" class=\"attachment-large size-large wp-image-1205\" alt=\"\" srcset=\"https:\/\/schouwseduin.com\/wp-content\/uploads\/2020\/04\/Huis-1024x685.jpg 1024w, https:\/\/schouwseduin.com\/wp-content\/uploads\/2020\/04\/Huis-300x201.jpg 300w, https:\/\/schouwseduin.com\/wp-content\/uploads\/2020\/04\/Huis-768x514.jpg 768w, https:\/\/schouwseduin.com\/wp-content\/uploads\/2020\/04\/Huis-1536x1028.jpg 1536w, https:\/\/schouwseduin.com\/wp-content\/uploads\/2020\/04\/Huis-2048x1371.jpg 2048w, https:\/\/schouwseduin.com\/wp-content\/uploads\/2020\/04\/Huis-66x44.jpg 66w, https:\/\/schouwseduin.com\/wp-content\/uploads\/2020\/04\/Huis-120x80.jpg 120w, https:\/\/schouwseduin.com\/wp-content\/uploads\/2020\/04\/Huis-394x264.jpg 394w, https:\/\/schouwseduin.com\/wp-content\/uploads\/2020\/04\/Huis-915x613.jpg 915w, https:\/\/schouwseduin.com\/wp-content\/uploads\/2020\/04\/Huis-1240x830.jpg 1240w, https:\/\/schouwseduin.com\/wp-content\/uploads\/2020\/04\/Huis-1613x1080.jpg 1613w\" sizes=\"(max-width: 1024px) 100vw, 1024px\" \/>\t\t\t\t\t\t\t\t\t\t\t\t\t\t\t<\/div>\n\t\t\t\t<\/div>\n\t\t\t\t\t<\/div>\n\t\t<\/div>\n\t\t\t\t<div class=\"elementor-column elementor-col-33 elementor-top-column elementor-element elementor-element-efc540b\" data-id=\"efc540b\" data-element_type=\"column\" data-e-type=\"column\">\n\t\t\t<div class=\"elementor-widget-wrap elementor-element-populated\">\n\t\t\t\t\t\t<div class=\"elementor-element elementor-element-b3360c7 elementor-widget elementor-widget-text-editor\" data-id=\"b3360c7\" data-element_type=\"widget\" data-e-type=\"widget\" data-widget_type=\"text-editor.default\">\n\t\t\t\t<div class=\"elementor-widget-container\">\n\t\t\t\t\t\t\t\t\t<p>Unser Haus ist f\u00fcr 5 Personen geeignet und bietet jeglichen Komfort; d.h. luxuri\u00f6s eingerichtete Sitzecke, Kamin, E\u00dfzimmer und K\u00fcche. Selbstverst\u00e4ndlich hat das Haus einen wireless Internetanschlu\u00df. Vor dem Haus steht Ihnen auf eigenem Gel\u00e4nde ein Parkplatz zur Verf\u00fcgung (mit Ladenstation).<\/p><p>Auch f\u00fcr die Allerkleinsten ist alles vorhanden: Babybett, Laufstall, Bollerwagen etc.<\/p><p>Der schattige Garten (mehr als 750qm) bietet Ihnen die Atmosph\u00e4re, die Sie w\u00fcnschen.<\/p><p>Wir laden Sie zu einem herrlichen Urlaub in Zeeland ein; zum Entspannen oder zu Aktivurlaub!<\/p><p>Wouter, Nathalie und Floris<\/p>\t\t\t\t\t\t\t\t<\/div>\n\t\t\t\t<\/div>\n\t\t\t\t\t<\/div>\n\t\t<\/div>\n\t\t\t\t\t<\/div>\n\t\t<\/section>\n\t\t\t\t<\/div>\n\t\t","protected":false},"excerpt":{"rendered":"<p>willkommen In direkter Nachbarschaft des Naturgebietes \u2018De Zeepeduinen\u2019 und der F\u00f6rsterei \u2018Westenschouwen\u2019 steht auf dem Gel\u00e4nde des kleinen und ruhigen Villaparks \u2018Het Schouwse Duin\u2019 unsere sch\u00f6ne und komfortable Villa. Sie liegt am Rand des Parks, und Sie k\u00f6nnen aus dem &hellip; <a href=\"https:\/\/schouwseduin.com\/de\/\">Read More<\/a><\/p>\n","protected":false},"author":1,"featured_media":0,"parent":0,"menu_order":0,"comment_status":"closed","ping_status":"open","template":"","meta":{"footnotes":""},"class_list":["post-234","page","type-page","status-publish","hentry"],"yoast_head":"<!-- This site is optimized with the Yoast SEO plugin v26.9 - https:\/\/yoast.com\/product\/yoast-seo-wordpress\/ -->\n<title>willkommen - schouwseduin.com<\/title>\n<meta name=\"robots\" content=\"index, follow, max-snippet:-1, max-image-preview:large, max-video-preview:-1\" \/>\n<link rel=\"canonical\" href=\"https:\/\/schouwseduin.com\/de\/\" \/>\n<meta property=\"og:locale\" content=\"de_DE\" \/>\n<meta property=\"og:type\" content=\"article\" \/>\n<meta property=\"og:title\" content=\"willkommen - schouwseduin.com\" \/>\n<meta property=\"og:description\" content=\"willkommen In direkter Nachbarschaft des Naturgebietes \u2018De Zeepeduinen\u2019 und der F\u00f6rsterei \u2018Westenschouwen\u2019 steht auf dem Gel\u00e4nde des kleinen und ruhigen Villaparks \u2018Het Schouwse Duin\u2019 unsere sch\u00f6ne und komfortable Villa. Sie liegt am Rand des Parks, und Sie k\u00f6nnen aus dem &hellip; Read More\" \/>\n<meta property=\"og:url\" content=\"https:\/\/schouwseduin.com\/de\/\" \/>\n<meta property=\"og:site_name\" content=\"schouwseduin.com\" \/>\n<meta property=\"article:modified_time\" content=\"2020-06-06T11:22:38+00:00\" \/>\n<meta property=\"og:image\" content=\"http:\/\/www.schouwseduin.com\/wp-content\/uploads\/2020\/04\/Huis-1024x685.jpg\" \/>\n<meta name=\"twitter:card\" content=\"summary_large_image\" \/>\n<meta name=\"twitter:label1\" content=\"Gesch\u00e4tzte Lesezeit\" \/>\n\t<meta name=\"twitter:data1\" content=\"1\u00a0Minute\" \/>\n<script type=\"application\/ld+json\" class=\"yoast-schema-graph\">{\"@context\":\"https:\/\/schema.org\",\"@graph\":[{\"@type\":\"WebPage\",\"@id\":\"https:\/\/schouwseduin.com\/de\/\",\"url\":\"https:\/\/schouwseduin.com\/de\/\",\"name\":\"willkommen - schouwseduin.com\",\"isPartOf\":{\"@id\":\"https:\/\/schouwseduin.com\/de\/#website\"},\"primaryImageOfPage\":{\"@id\":\"https:\/\/schouwseduin.com\/de\/#primaryimage\"},\"image\":{\"@id\":\"https:\/\/schouwseduin.com\/de\/#primaryimage\"},\"thumbnailUrl\":\"http:\/\/www.schouwseduin.com\/wp-content\/uploads\/2020\/04\/Huis-1024x685.jpg\",\"datePublished\":\"2020-04-01T04:48:16+00:00\",\"dateModified\":\"2020-06-06T11:22:38+00:00\",\"breadcrumb\":{\"@id\":\"https:\/\/schouwseduin.com\/de\/#breadcrumb\"},\"inLanguage\":\"de\",\"potentialAction\":[{\"@type\":\"ReadAction\",\"target\":[\"https:\/\/schouwseduin.com\/de\/\"]}]},{\"@type\":\"ImageObject\",\"inLanguage\":\"de\",\"@id\":\"https:\/\/schouwseduin.com\/de\/#primaryimage\",\"url\":\"http:\/\/www.schouwseduin.com\/wp-content\/uploads\/2020\/04\/Huis-1024x685.jpg\",\"contentUrl\":\"http:\/\/www.schouwseduin.com\/wp-content\/uploads\/2020\/04\/Huis-1024x685.jpg\"},{\"@type\":\"BreadcrumbList\",\"@id\":\"https:\/\/schouwseduin.com\/de\/#breadcrumb\",\"itemListElement\":[{\"@type\":\"ListItem\",\"position\":1,\"name\":\"Home\",\"item\":\"https:\/\/schouwseduin.com\/de\/\"},{\"@type\":\"ListItem\",\"position\":2,\"name\":\"willkommen\"}]},{\"@type\":\"WebSite\",\"@id\":\"https:\/\/schouwseduin.com\/de\/#website\",\"url\":\"https:\/\/schouwseduin.com\/de\/\",\"name\":\"schouwseduin.com\",\"description\":\"\",\"publisher\":{\"@id\":\"https:\/\/schouwseduin.com\/de\/#organization\"},\"potentialAction\":[{\"@type\":\"SearchAction\",\"target\":{\"@type\":\"EntryPoint\",\"urlTemplate\":\"https:\/\/schouwseduin.com\/de\/?s={search_term_string}\"},\"query-input\":{\"@type\":\"PropertyValueSpecification\",\"valueRequired\":true,\"valueName\":\"search_term_string\"}}],\"inLanguage\":\"de\"},{\"@type\":\"Organization\",\"@id\":\"https:\/\/schouwseduin.com\/de\/#organization\",\"name\":\"Schouwse Duin\",\"url\":\"https:\/\/schouwseduin.com\/de\/\",\"logo\":{\"@type\":\"ImageObject\",\"inLanguage\":\"de\",\"@id\":\"https:\/\/schouwseduin.com\/de\/#\/schema\/logo\/image\/\",\"url\":\"https:\/\/schouwseduin.com\/wp-content\/uploads\/2020\/04\/SchouwseDuinLogo-1.png\",\"contentUrl\":\"https:\/\/schouwseduin.com\/wp-content\/uploads\/2020\/04\/SchouwseDuinLogo-1.png\",\"width\":1393,\"height\":162,\"caption\":\"Schouwse Duin\"},\"image\":{\"@id\":\"https:\/\/schouwseduin.com\/de\/#\/schema\/logo\/image\/\"}}]}<\/script>\n<!-- \/ Yoast SEO plugin. -->","yoast_head_json":{"title":"willkommen - schouwseduin.com","robots":{"index":"index","follow":"follow","max-snippet":"max-snippet:-1","max-image-preview":"max-image-preview:large","max-video-preview":"max-video-preview:-1"},"canonical":"https:\/\/schouwseduin.com\/de\/","og_locale":"de_DE","og_type":"article","og_title":"willkommen - schouwseduin.com","og_description":"willkommen In direkter Nachbarschaft des Naturgebietes \u2018De Zeepeduinen\u2019 und der F\u00f6rsterei \u2018Westenschouwen\u2019 steht auf dem Gel\u00e4nde des kleinen und ruhigen Villaparks \u2018Het Schouwse Duin\u2019 unsere sch\u00f6ne und komfortable Villa. Sie liegt am Rand des Parks, und Sie k\u00f6nnen aus dem &hellip; Read More","og_url":"https:\/\/schouwseduin.com\/de\/","og_site_name":"schouwseduin.com","article_modified_time":"2020-06-06T11:22:38+00:00","og_image":[{"url":"http:\/\/www.schouwseduin.com\/wp-content\/uploads\/2020\/04\/Huis-1024x685.jpg","type":"","width":"","height":""}],"twitter_card":"summary_large_image","twitter_misc":{"Gesch\u00e4tzte Lesezeit":"1\u00a0Minute"},"schema":{"@context":"https:\/\/schema.org","@graph":[{"@type":"WebPage","@id":"https:\/\/schouwseduin.com\/de\/","url":"https:\/\/schouwseduin.com\/de\/","name":"willkommen - schouwseduin.com","isPartOf":{"@id":"https:\/\/schouwseduin.com\/de\/#website"},"primaryImageOfPage":{"@id":"https:\/\/schouwseduin.com\/de\/#primaryimage"},"image":{"@id":"https:\/\/schouwseduin.com\/de\/#primaryimage"},"thumbnailUrl":"http:\/\/www.schouwseduin.com\/wp-content\/uploads\/2020\/04\/Huis-1024x685.jpg","datePublished":"2020-04-01T04:48:16+00:00","dateModified":"2020-06-06T11:22:38+00:00","breadcrumb":{"@id":"https:\/\/schouwseduin.com\/de\/#breadcrumb"},"inLanguage":"de","potentialAction":[{"@type":"ReadAction","target":["https:\/\/schouwseduin.com\/de\/"]}]},{"@type":"ImageObject","inLanguage":"de","@id":"https:\/\/schouwseduin.com\/de\/#primaryimage","url":"http:\/\/www.schouwseduin.com\/wp-content\/uploads\/2020\/04\/Huis-1024x685.jpg","contentUrl":"http:\/\/www.schouwseduin.com\/wp-content\/uploads\/2020\/04\/Huis-1024x685.jpg"},{"@type":"BreadcrumbList","@id":"https:\/\/schouwseduin.com\/de\/#breadcrumb","itemListElement":[{"@type":"ListItem","position":1,"name":"Home","item":"https:\/\/schouwseduin.com\/de\/"},{"@type":"ListItem","position":2,"name":"willkommen"}]},{"@type":"WebSite","@id":"https:\/\/schouwseduin.com\/de\/#website","url":"https:\/\/schouwseduin.com\/de\/","name":"schouwseduin.com","description":"","publisher":{"@id":"https:\/\/schouwseduin.com\/de\/#organization"},"potentialAction":[{"@type":"SearchAction","target":{"@type":"EntryPoint","urlTemplate":"https:\/\/schouwseduin.com\/de\/?s={search_term_string}"},"query-input":{"@type":"PropertyValueSpecification","valueRequired":true,"valueName":"search_term_string"}}],"inLanguage":"de"},{"@type":"Organization","@id":"https:\/\/schouwseduin.com\/de\/#organization","name":"Schouwse Duin","url":"https:\/\/schouwseduin.com\/de\/","logo":{"@type":"ImageObject","inLanguage":"de","@id":"https:\/\/schouwseduin.com\/de\/#\/schema\/logo\/image\/","url":"https:\/\/schouwseduin.com\/wp-content\/uploads\/2020\/04\/SchouwseDuinLogo-1.png","contentUrl":"https:\/\/schouwseduin.com\/wp-content\/uploads\/2020\/04\/SchouwseDuinLogo-1.png","width":1393,"height":162,"caption":"Schouwse Duin"},"image":{"@id":"https:\/\/schouwseduin.com\/de\/#\/schema\/logo\/image\/"}}]}},"_links":{"self":[{"href":"https:\/\/schouwseduin.com\/de\/wp-json\/wp\/v2\/pages\/234","targetHints":{"allow":["GET"]}}],"collection":[{"href":"https:\/\/schouwseduin.com\/de\/wp-json\/wp\/v2\/pages"}],"about":[{"href":"https:\/\/schouwseduin.com\/de\/wp-json\/wp\/v2\/types\/page"}],"author":[{"embeddable":true,"href":"https:\/\/schouwseduin.com\/de\/wp-json\/wp\/v2\/users\/1"}],"replies":[{"embeddable":true,"href":"https:\/\/schouwseduin.com\/de\/wp-json\/wp\/v2\/comments?post=234"}],"version-history":[{"count":18,"href":"https:\/\/schouwseduin.com\/de\/wp-json\/wp\/v2\/pages\/234\/revisions"}],"predecessor-version":[{"id":968,"href":"https:\/\/schouwseduin.com\/de\/wp-json\/wp\/v2\/pages\/234\/revisions\/968"}],"wp:attachment":[{"href":"https:\/\/schouwseduin.com\/de\/wp-json\/wp\/v2\/media?parent=234"}],"curies":[{"name":"wp","href":"https:\/\/api.w.org\/{rel}","templated":true}]}}